{"id":3854,"date":"2018-04-16T08:20:16","date_gmt":"2018-04-16T07:20:16","guid":{"rendered":"http:\/\/domartstyl.com\/cayenne\/"},"modified":"2024-10-22T09:21:19","modified_gmt":"2024-10-22T08:21:19","slug":"cayenne","status":"publish","type":"page","link":"https:\/\/domartstyl.com\/en\/fabrics\/cayenne\/","title":{"rendered":"Cayenne (S.I.C.)"},"content":{"rendered":"<div class=\"text-center mb-3\">\n\t<a href=\"\/wp-content\/uploads\/tkaniny\/specyfikacja\/cayenne.pdf\" class=\"btn btn-primary\" target=\"_blank\" title=\"View Technical Specifications\" rel=\"noopener\">Technical Specifications<\/a>\n<\/div>\n<div class=\"row row-cols-2 row-cols-sm-3 row-cols-md-4 row-cols-lg-6 g-4 mt-0 mb-5\" id=\"lightgallery\">\n\t<div class=\"col text-center\">\n\t\t<a href=\"https:\/\/domartstyl.com\/wp-content\/uploads\/tkaniny\/Cayenne\/Cayenne-2.webp\" class=\"lightgallery-item\" title=\"Cayenne 2\">\n\t\t\t<img decoding=\"async\" src=\"https:\/\/domartstyl.com\/wp-content\/uploads\/tkaniny\/sm\/Cayenne\/Cayenne-2.webp\" loading=\"lazy\" alt=\"Cayenne 2\">\n\t\t<\/a>\n\t\t<span class=\"d-block p-3\">Cayenne 2<\/span>\n\t<\/div>\n\t<div class=\"col text-center\">\n\t\t<a href=\"https:\/\/domartstyl.com\/wp-content\/uploads\/tkaniny\/Cayenne\/Cayenne-6.webp\" class=\"lightgallery-item\" title=\"Cayenne 6\">\n\t\t\t<img decoding=\"async\" src=\"https:\/\/domartstyl.com\/wp-content\/uploads\/tkaniny\/sm\/Cayenne\/Cayenne-6.webp\" loading=\"lazy\" alt=\"Cayenne 6\">\n\t\t<\/a>\n\t\t<span class=\"d-block p-3\">Cayenne 6<\/span>\n\t<\/div>\n\t<div class=\"col text-center\">\n\t\t<a href=\"https:\/\/domartstyl.com\/wp-content\/uploads\/tkaniny\/Cayenne\/Cayenne-19.webp\" class=\"lightgallery-item\" title=\"Cayenne 19\">\n\t\t\t<img decoding=\"async\" src=\"https:\/\/domartstyl.com\/wp-content\/uploads\/tkaniny\/sm\/Cayenne\/Cayenne-19.webp\" loading=\"lazy\" alt=\"Cayenne 19\">\n\t\t<\/a>\n\t\t<span class=\"d-block p-3\">Cayenne 19<\/span>\n\t<\/div>\n\t<div class=\"col text-center\">\n\t\t<a href=\"https:\/\/domartstyl.com\/wp-content\/uploads\/tkaniny\/Cayenne\/Cayenne-20.webp\" class=\"lightgallery-item\" title=\"Cayenne 20\">\n\t\t\t<img decoding=\"async\" src=\"https:\/\/domartstyl.com\/wp-content\/uploads\/tkaniny\/sm\/Cayenne\/Cayenne-20.webp\" loading=\"lazy\" alt=\"Cayenne 20\">\n\t\t<\/a>\n\t\t<span class=\"d-block p-3\">Cayenne 20<\/span>\n\t<\/div>\n\t<div class=\"col text-center\">\n\t\t<a href=\"https:\/\/domartstyl.com\/wp-content\/uploads\/tkaniny\/Cayenne\/Cayenne-28.webp\" class=\"lightgallery-item\" title=\"Cayenne 28\">\n\t\t\t<img decoding=\"async\" src=\"https:\/\/domartstyl.com\/wp-content\/uploads\/tkaniny\/sm\/Cayenne\/Cayenne-28.webp\" loading=\"lazy\" alt=\"Cayenne 28\">\n\t\t<\/a>\n\t\t<span class=\"d-block p-3\">Cayenne 28<\/span>\n\t<\/div>\n\t<div class=\"col text-center\">\n\t\t<a href=\"https:\/\/domartstyl.com\/wp-content\/uploads\/tkaniny\/Cayenne\/Cayenne-30.webp\" class=\"lightgallery-item\" title=\"Cayenne 30\">\n\t\t\t<img decoding=\"async\" src=\"https:\/\/domartstyl.com\/wp-content\/uploads\/tkaniny\/sm\/Cayenne\/Cayenne-30.webp\" loading=\"lazy\" alt=\"Cayenne 30\">\n\t\t<\/a>\n\t\t<span class=\"d-block p-3\">Cayenne 30<\/span>\n\t<\/div>\n\t<div class=\"col text-center\">\n\t\t<a href=\"https:\/\/domartstyl.com\/wp-content\/uploads\/tkaniny\/Cayenne\/Cayenne-1111.jpg\" class=\"lightgallery-item\" title=\"Cayenne 1111\">\n\t\t\t<img decoding=\"async\" src=\"https:\/\/domartstyl.com\/wp-content\/uploads\/tkaniny\/sm\/Cayenne\/Cayenne-1111.jpg\" loading=\"lazy\" alt=\"Cayenne 1111\">\n\t\t<\/a>\n\t\t<span class=\"d-block p-3\">Cayenne 1111<\/span>\n\t<\/div>\n\t<div class=\"col text-center\">\n\t\t<a href=\"https:\/\/domartstyl.com\/wp-content\/uploads\/tkaniny\/Cayenne\/Cayenne-1112.webp\" class=\"lightgallery-item\" title=\"Cayenne 1112\">\n\t\t\t<img decoding=\"async\" src=\"https:\/\/domartstyl.com\/wp-content\/uploads\/tkaniny\/sm\/Cayenne\/Cayenne-1112.webp\" loading=\"lazy\" alt=\"Cayenne 1112\">\n\t\t<\/a>\n\t\t<span class=\"d-block p-3\">Cayenne 1112<\/span>\n\t<\/div>\n\t<div class=\"col text-center\">\n\t\t<a href=\"https:\/\/domartstyl.com\/wp-content\/uploads\/tkaniny\/Cayenne\/Cayenne-1113.webp\" class=\"lightgallery-item\" title=\"Cayenne 1113\">\n\t\t\t<img decoding=\"async\" src=\"https:\/\/domartstyl.com\/wp-content\/uploads\/tkaniny\/sm\/Cayenne\/Cayenne-1113.webp\" loading=\"lazy\" alt=\"Cayenne 1113\">\n\t\t<\/a>\n\t\t<span class=\"d-block p-3\">Cayenne 1113<\/span>\n\t<\/div>\n\t<div class=\"col text-center\">\n\t\t<a href=\"https:\/\/domartstyl.com\/wp-content\/uploads\/tkaniny\/Cayenne\/Cayenne-1114.webp\" class=\"lightgallery-item\" title=\"Cayenne 1114\">\n\t\t\t<img decoding=\"async\" src=\"https:\/\/domartstyl.com\/wp-content\/uploads\/tkaniny\/sm\/Cayenne\/Cayenne-1114.webp\" loading=\"lazy\" alt=\"Cayenne 1114\">\n\t\t<\/a>\n\t\t<span class=\"d-block p-3\">Cayenne 1114<\/span>\n\t<\/div>\n\t<div class=\"col text-center\">\n\t\t<a href=\"https:\/\/domartstyl.com\/wp-content\/uploads\/tkaniny\/Cayenne\/Cayenne-1115.webp\" class=\"lightgallery-item\" title=\"Cayenne 1115\">\n\t\t\t<img decoding=\"async\" src=\"https:\/\/domartstyl.com\/wp-content\/uploads\/tkaniny\/sm\/Cayenne\/Cayenne-1115.webp\" loading=\"lazy\" alt=\"Cayenne 1115\">\n\t\t<\/a>\n\t\t<span class=\"d-block p-3\">Cayenne 1115<\/span>\n\t<\/div>\n\t<div class=\"col text-center\">\n\t\t<a href=\"https:\/\/domartstyl.com\/wp-content\/uploads\/tkaniny\/Cayenne\/Cayenne-1116.webp\" class=\"lightgallery-item\" title=\"Cayenne 1116\">\n\t\t\t<img decoding=\"async\" src=\"https:\/\/domartstyl.com\/wp-content\/uploads\/tkaniny\/sm\/Cayenne\/Cayenne-1116.webp\" loading=\"lazy\" alt=\"Cayenne 1116\">\n\t\t<\/a>\n\t\t<span class=\"d-block p-3\">Cayenne 1116<\/span>\n\t<\/div>\n\t<div class=\"col text-center\">\n\t\t<a href=\"https:\/\/domartstyl.com\/wp-content\/uploads\/tkaniny\/Cayenne\/Cayenne-1117.webp\" class=\"lightgallery-item\" title=\"Cayenne 1117\">\n\t\t\t<img decoding=\"async\" src=\"https:\/\/domartstyl.com\/wp-content\/uploads\/tkaniny\/sm\/Cayenne\/Cayenne-1117.webp\" loading=\"lazy\" alt=\"Cayenne 1117\">\n\t\t<\/a>\n\t\t<span class=\"d-block p-3\">Cayenne 1117<\/span>\n\t<\/div>\n\t<div class=\"col text-center\">\n\t\t<a href=\"https:\/\/domartstyl.com\/wp-content\/uploads\/tkaniny\/Cayenne\/Cayenne-1118.webp\" class=\"lightgallery-item\" title=\"Cayenne 1118\">\n\t\t\t<img decoding=\"async\" src=\"https:\/\/domartstyl.com\/wp-content\/uploads\/tkaniny\/sm\/Cayenne\/Cayenne-1118.webp\" loading=\"lazy\" alt=\"Cayenne 1118\">\n\t\t<\/a>\n\t\t<span class=\"d-block p-3\">Cayenne 1118<\/span>\n\t<\/div>\n\t<div class=\"col text-center\">\n\t\t<a href=\"https:\/\/domartstyl.com\/wp-content\/uploads\/tkaniny\/Cayenne\/Cayenne-1119.webp\" class=\"lightgallery-item\" title=\"Cayenne 1119\">\n\t\t\t<img decoding=\"async\" src=\"https:\/\/domartstyl.com\/wp-content\/uploads\/tkaniny\/sm\/Cayenne\/Cayenne-1119.webp\" loading=\"lazy\" alt=\"Cayenne 1119\">\n\t\t<\/a>\n\t\t<span class=\"d-block p-3\">Cayenne 1119<\/span>\n\t<\/div>\n\t<div class=\"col text-center\">\n\t\t<a href=\"https:\/\/domartstyl.com\/wp-content\/uploads\/tkaniny\/Cayenne\/Cayenne-1120.webp\" class=\"lightgallery-item\" title=\"Cayenne 1120\">\n\t\t\t<img decoding=\"async\" src=\"https:\/\/domartstyl.com\/wp-content\/uploads\/tkaniny\/sm\/Cayenne\/Cayenne-1120.webp\" loading=\"lazy\" alt=\"Cayenne 1120\">\n\t\t<\/a>\n\t\t<span class=\"d-block p-3\">Cayenne 1120<\/span>\n\t<\/div>\n\t<div class=\"col text-center\">\n\t\t<a href=\"https:\/\/domartstyl.com\/wp-content\/uploads\/tkaniny\/Cayenne\/Cayenne-1121.webp\" class=\"lightgallery-item\" title=\"Cayenne 1121\">\n\t\t\t<img decoding=\"async\" src=\"https:\/\/domartstyl.com\/wp-content\/uploads\/tkaniny\/sm\/Cayenne\/Cayenne-1121.webp\" loading=\"lazy\" alt=\"Cayenne 1121\">\n\t\t<\/a>\n\t\t<span class=\"d-block p-3\">Cayenne 1121<\/span>\n\t<\/div>\n\t<div class=\"col text-center\">\n\t\t<a href=\"https:\/\/domartstyl.com\/wp-content\/uploads\/tkaniny\/Cayenne\/Cayenne-1122.webp\" class=\"lightgallery-item\" title=\"Cayenne 1122\">\n\t\t\t<img decoding=\"async\" src=\"https:\/\/domartstyl.com\/wp-content\/uploads\/tkaniny\/sm\/Cayenne\/Cayenne-1122.webp\" loading=\"lazy\" alt=\"Cayenne 1122\">\n\t\t<\/a>\n\t\t<span class=\"d-block p-3\">Cayenne 1122<\/span>\n\t<\/div>\n\t<div class=\"col text-center\">\n\t\t<a href=\"https:\/\/domartstyl.com\/wp-content\/uploads\/tkaniny\/Cayenne\/Cayenne-1123.webp\" class=\"lightgallery-item\" title=\"Cayenne 1123\">\n\t\t\t<img decoding=\"async\" src=\"https:\/\/domartstyl.com\/wp-content\/uploads\/tkaniny\/sm\/Cayenne\/Cayenne-1123.webp\" loading=\"lazy\" alt=\"Cayenne 1123\">\n\t\t<\/a>\n\t\t<span class=\"d-block p-3\">Cayenne 1123<\/span>\n\t<\/div>\n\t<div class=\"col text-center\">\n\t\t<a href=\"https:\/\/domartstyl.com\/wp-content\/uploads\/tkaniny\/Cayenne\/Cayenne-1124.webp\" class=\"lightgallery-item\" title=\"Cayenne 1124\">\n\t\t\t<img decoding=\"async\" src=\"https:\/\/domartstyl.com\/wp-content\/uploads\/tkaniny\/sm\/Cayenne\/Cayenne-1124.webp\" loading=\"lazy\" alt=\"Cayenne 1124\">\n\t\t<\/a>\n\t\t<span class=\"d-block p-3\">Cayenne 1124<\/span>\n\t<\/div>\n\t<div class=\"col text-center\">\n\t\t<a href=\"https:\/\/domartstyl.com\/wp-content\/uploads\/tkaniny\/Cayenne\/Cayenne-1125.webp\" class=\"lightgallery-item\" title=\"Cayenne 1125\">\n\t\t\t<img decoding=\"async\" src=\"https:\/\/domartstyl.com\/wp-content\/uploads\/tkaniny\/sm\/Cayenne\/Cayenne-1125.webp\" loading=\"lazy\" alt=\"Cayenne 1125\">\n\t\t<\/a>\n\t\t<span class=\"d-block p-3\">Cayenne 1125<\/span>\n\t<\/div>\n\t<div class=\"col text-center\">\n\t\t<a href=\"https:\/\/domartstyl.com\/wp-content\/uploads\/tkaniny\/Cayenne\/Cayenne-1126.webp\" class=\"lightgallery-item\" title=\"Cayenne 1126\">\n\t\t\t<img decoding=\"async\" src=\"https:\/\/domartstyl.com\/wp-content\/uploads\/tkaniny\/sm\/Cayenne\/Cayenne-1126.webp\" loading=\"lazy\" alt=\"Cayenne 1126\">\n\t\t<\/a>\n\t\t<span class=\"d-block p-3\">Cayenne 1126<\/span>\n\t<\/div>\n\t<div class=\"col text-center\">\n\t\t<a href=\"https:\/\/domartstyl.com\/wp-content\/uploads\/tkaniny\/Cayenne\/Cayenne-1128.webp\" class=\"lightgallery-item\" title=\"Cayenne 1128\">\n\t\t\t<img decoding=\"async\" src=\"https:\/\/domartstyl.com\/wp-content\/uploads\/tkaniny\/sm\/Cayenne\/Cayenne-1128.webp\" loading=\"lazy\" alt=\"Cayenne 1128\">\n\t\t<\/a>\n\t\t<span class=\"d-block p-3\">Cayenne 1128<\/span>\n\t<\/div>\n\t<div class=\"col text-center\">\n\t\t<a href=\"https:\/\/domartstyl.com\/wp-content\/uploads\/tkaniny\/Cayenne\/Cayenne-1131.webp\" class=\"lightgallery-item\" title=\"Cayenne 1131\">\n\t\t\t<img decoding=\"async\" src=\"https:\/\/domartstyl.com\/wp-content\/uploads\/tkaniny\/sm\/Cayenne\/Cayenne-1131.webp\" loading=\"lazy\" alt=\"Cayenne 1131\">\n\t\t<\/a>\n\t\t<span class=\"d-block p-3\">Cayenne 1131<\/span>\n\t<\/div>\n\t<div class=\"col text-center\">\n\t\t<a href=\"https:\/\/domartstyl.com\/wp-content\/uploads\/tkaniny\/Cayenne\/Cayenne-1132.webp\" class=\"lightgallery-item\" title=\"Cayenne 1132\">\n\t\t\t<img decoding=\"async\" src=\"https:\/\/domartstyl.com\/wp-content\/uploads\/tkaniny\/sm\/Cayenne\/Cayenne-1132.webp\" loading=\"lazy\" alt=\"Cayenne 1132\">\n\t\t<\/a>\n\t\t<span class=\"d-block p-3\">Cayenne 1132<\/span>\n\t<\/div>\n<\/div>","protected":false},"excerpt":{"rendered":"<p>Technical Specifications Cayenne 2 Cayenne 6 Cayenne 19 Cayenne 20 Cayenne 28 Cayenne 30 Cayenne 1111 Cayenne 1112 Cayenne 1113 [&hellip;]<\/p>\n","protected":false},"author":41,"featured_media":0,"parent":3883,"menu_order":0,"comment_status":"closed","ping_status":"closed","template":"page-gallery.php","meta":{"footnotes":""},"class_list":["post-3854","page","type-page","status-publish","hentry"],"yoast_head":"<!-- This site is optimized with the Yoast SEO Premium plugin v25.0 (Yoast SEO v25.0) - https:\/\/yoast.com\/wordpress\/plugins\/seo\/ -->\n<title>Cayenne (S.I.C.) - DomArtStyl<\/title>\n<meta name=\"robots\" content=\"index, follow, max-snippet:-1, max-image-preview:large, max-video-preview:-1\" \/>\n<link rel=\"canonical\" href=\"https:\/\/domartstyl.com\/en\/fabrics\/cayenne\/\" \/>\n<meta property=\"og:locale\" content=\"en_US\" \/>\n<meta property=\"og:type\" content=\"article\" \/>\n<meta property=\"og:title\" content=\"Cayenne (S.I.C.)\" \/>\n<meta property=\"og:description\" content=\"Technical Specifications Cayenne 2 Cayenne 6 Cayenne 19 Cayenne 20 Cayenne 28 Cayenne 30 Cayenne 1111 Cayenne 1112 Cayenne 1113 [&hellip;]\" \/>\n<meta property=\"og:url\" content=\"https:\/\/domartstyl.com\/en\/fabrics\/cayenne\/\" \/>\n<meta property=\"og:site_name\" content=\"DomArtStyl\" \/>\n<meta property=\"article:publisher\" content=\"https:\/\/www.facebook.com\/DomArtStyl\/\" \/>\n<meta property=\"article:modified_time\" content=\"2024-10-22T08:21:19+00:00\" \/>\n<meta property=\"og:image\" content=\"https:\/\/domartstyl.com\/wp-content\/uploads\/tkaniny\/sm\/Cayenne\/Cayenne-2.webp\" \/>\n<meta name=\"twitter:card\" content=\"summary_large_image\" \/>\n<meta name=\"twitter:site\" content=\"@DomArtStyl_pl\" \/>\n<meta name=\"twitter:label1\" content=\"Est. reading time\" \/>\n\t<meta name=\"twitter:data1\" content=\"6 minutes\" \/>\n<script type=\"application\/ld+json\" class=\"yoast-schema-graph\">{\"@context\":\"https:\/\/schema.org\",\"@graph\":[{\"@type\":\"WebPage\",\"@id\":\"https:\/\/domartstyl.com\/en\/fabrics\/cayenne\/\",\"url\":\"https:\/\/domartstyl.com\/en\/fabrics\/cayenne\/\",\"name\":\"Cayenne (S.I.C.) - DomArtStyl\",\"isPartOf\":{\"@id\":\"https:\/\/domartstyl.com\/en\/#website\"},\"primaryImageOfPage\":{\"@id\":\"https:\/\/domartstyl.com\/en\/fabrics\/cayenne\/#primaryimage\"},\"image\":{\"@id\":\"https:\/\/domartstyl.com\/en\/fabrics\/cayenne\/#primaryimage\"},\"thumbnailUrl\":\"https:\/\/domartstyl.com\/wp-content\/uploads\/tkaniny\/sm\/Cayenne\/Cayenne-2.webp\",\"datePublished\":\"2018-04-16T07:20:16+00:00\",\"dateModified\":\"2024-10-22T08:21:19+00:00\",\"breadcrumb\":{\"@id\":\"https:\/\/domartstyl.com\/en\/fabrics\/cayenne\/#breadcrumb\"},\"inLanguage\":\"en-US\",\"potentialAction\":[{\"@type\":\"ReadAction\",\"target\":[\"https:\/\/domartstyl.com\/en\/fabrics\/cayenne\/\"]}]},{\"@type\":\"ImageObject\",\"inLanguage\":\"en-US\",\"@id\":\"https:\/\/domartstyl.com\/en\/fabrics\/cayenne\/#primaryimage\",\"url\":\"https:\/\/domartstyl.com\/wp-content\/uploads\/tkaniny\/sm\/Cayenne\/Cayenne-2.webp\",\"contentUrl\":\"https:\/\/domartstyl.com\/wp-content\/uploads\/tkaniny\/sm\/Cayenne\/Cayenne-2.webp\"},{\"@type\":\"BreadcrumbList\",\"@id\":\"https:\/\/domartstyl.com\/en\/fabrics\/cayenne\/#breadcrumb\",\"itemListElement\":[{\"@type\":\"ListItem\",\"position\":1,\"name\":\"Strona g\u0142\u00f3wna\",\"item\":\"https:\/\/domartstyl.com\/en\/\"},{\"@type\":\"ListItem\",\"position\":2,\"name\":\"Fabrics\",\"item\":\"https:\/\/domartstyl.com\/en\/fabrics\/\"},{\"@type\":\"ListItem\",\"position\":3,\"name\":\"Cayenne (S.I.C.)\"}]},{\"@type\":\"WebSite\",\"@id\":\"https:\/\/domartstyl.com\/en\/#website\",\"url\":\"https:\/\/domartstyl.com\/en\/\",\"name\":\"DomArtStyl\",\"description\":\"Tworzymy meble najwy\u017cszej jako\u015bci. Sprzeda\u017c detaliczna \u00b7 Sprzeda\u017c hurtowa\",\"publisher\":{\"@id\":\"https:\/\/domartstyl.com\/en\/#organization\"},\"potentialAction\":[{\"@type\":\"SearchAction\",\"target\":{\"@type\":\"EntryPoint\",\"urlTemplate\":\"https:\/\/domartstyl.com\/en\/?s={search_term_string}\"},\"query-input\":{\"@type\":\"PropertyValueSpecification\",\"valueRequired\":true,\"valueName\":\"search_term_string\"}}],\"inLanguage\":\"en-US\"},{\"@type\":\"Organization\",\"@id\":\"https:\/\/domartstyl.com\/en\/#organization\",\"name\":\"DomArtStyl\",\"url\":\"https:\/\/domartstyl.com\/en\/\",\"logo\":{\"@type\":\"ImageObject\",\"inLanguage\":\"en-US\",\"@id\":\"https:\/\/domartstyl.com\/en\/#\/schema\/logo\/image\/\",\"url\":\"https:\/\/domartstyl.com\/wp-content\/uploads\/2018\/04\/Logo_300_width.png\",\"contentUrl\":\"https:\/\/domartstyl.com\/wp-content\/uploads\/2018\/04\/Logo_300_width.png\",\"width\":300,\"height\":140,\"caption\":\"DomArtStyl\"},\"image\":{\"@id\":\"https:\/\/domartstyl.com\/en\/#\/schema\/logo\/image\/\"},\"sameAs\":[\"https:\/\/www.facebook.com\/DomArtStyl\/\",\"https:\/\/x.com\/DomArtStyl_pl\",\"https:\/\/www.instagram.com\/domartstyl\/?hl=en\",\"https:\/\/pl.pinterest.com\/domartstyl01\/\",\"https:\/\/www.youtube.com\/channel\/UCkISSgvMomI6yFFL3JDbLhw\"]}]}<\/script>\n<!-- \/ Yoast SEO Premium plugin. -->","yoast_head_json":{"title":"Cayenne (S.I.C.) - DomArtStyl","robots":{"index":"index","follow":"follow","max-snippet":"max-snippet:-1","max-image-preview":"max-image-preview:large","max-video-preview":"max-video-preview:-1"},"canonical":"https:\/\/domartstyl.com\/en\/fabrics\/cayenne\/","og_locale":"en_US","og_type":"article","og_title":"Cayenne (S.I.C.)","og_description":"Technical Specifications Cayenne 2 Cayenne 6 Cayenne 19 Cayenne 20 Cayenne 28 Cayenne 30 Cayenne 1111 Cayenne 1112 Cayenne 1113 [&hellip;]","og_url":"https:\/\/domartstyl.com\/en\/fabrics\/cayenne\/","og_site_name":"DomArtStyl","article_publisher":"https:\/\/www.facebook.com\/DomArtStyl\/","article_modified_time":"2024-10-22T08:21:19+00:00","og_image":[{"url":"https:\/\/domartstyl.com\/wp-content\/uploads\/tkaniny\/sm\/Cayenne\/Cayenne-2.webp","type":"","width":"","height":""}],"twitter_card":"summary_large_image","twitter_site":"@DomArtStyl_pl","twitter_misc":{"Est. reading time":"6 minutes"},"schema":{"@context":"https:\/\/schema.org","@graph":[{"@type":"WebPage","@id":"https:\/\/domartstyl.com\/en\/fabrics\/cayenne\/","url":"https:\/\/domartstyl.com\/en\/fabrics\/cayenne\/","name":"Cayenne (S.I.C.) - DomArtStyl","isPartOf":{"@id":"https:\/\/domartstyl.com\/en\/#website"},"primaryImageOfPage":{"@id":"https:\/\/domartstyl.com\/en\/fabrics\/cayenne\/#primaryimage"},"image":{"@id":"https:\/\/domartstyl.com\/en\/fabrics\/cayenne\/#primaryimage"},"thumbnailUrl":"https:\/\/domartstyl.com\/wp-content\/uploads\/tkaniny\/sm\/Cayenne\/Cayenne-2.webp","datePublished":"2018-04-16T07:20:16+00:00","dateModified":"2024-10-22T08:21:19+00:00","breadcrumb":{"@id":"https:\/\/domartstyl.com\/en\/fabrics\/cayenne\/#breadcrumb"},"inLanguage":"en-US","potentialAction":[{"@type":"ReadAction","target":["https:\/\/domartstyl.com\/en\/fabrics\/cayenne\/"]}]},{"@type":"ImageObject","inLanguage":"en-US","@id":"https:\/\/domartstyl.com\/en\/fabrics\/cayenne\/#primaryimage","url":"https:\/\/domartstyl.com\/wp-content\/uploads\/tkaniny\/sm\/Cayenne\/Cayenne-2.webp","contentUrl":"https:\/\/domartstyl.com\/wp-content\/uploads\/tkaniny\/sm\/Cayenne\/Cayenne-2.webp"},{"@type":"BreadcrumbList","@id":"https:\/\/domartstyl.com\/en\/fabrics\/cayenne\/#breadcrumb","itemListElement":[{"@type":"ListItem","position":1,"name":"Strona g\u0142\u00f3wna","item":"https:\/\/domartstyl.com\/en\/"},{"@type":"ListItem","position":2,"name":"Fabrics","item":"https:\/\/domartstyl.com\/en\/fabrics\/"},{"@type":"ListItem","position":3,"name":"Cayenne (S.I.C.)"}]},{"@type":"WebSite","@id":"https:\/\/domartstyl.com\/en\/#website","url":"https:\/\/domartstyl.com\/en\/","name":"DomArtStyl","description":"Tworzymy meble najwy\u017cszej jako\u015bci. Sprzeda\u017c detaliczna \u00b7 Sprzeda\u017c hurtowa","publisher":{"@id":"https:\/\/domartstyl.com\/en\/#organization"},"potentialAction":[{"@type":"SearchAction","target":{"@type":"EntryPoint","urlTemplate":"https:\/\/domartstyl.com\/en\/?s={search_term_string}"},"query-input":{"@type":"PropertyValueSpecification","valueRequired":true,"valueName":"search_term_string"}}],"inLanguage":"en-US"},{"@type":"Organization","@id":"https:\/\/domartstyl.com\/en\/#organization","name":"DomArtStyl","url":"https:\/\/domartstyl.com\/en\/","logo":{"@type":"ImageObject","inLanguage":"en-US","@id":"https:\/\/domartstyl.com\/en\/#\/schema\/logo\/image\/","url":"https:\/\/domartstyl.com\/wp-content\/uploads\/2018\/04\/Logo_300_width.png","contentUrl":"https:\/\/domartstyl.com\/wp-content\/uploads\/2018\/04\/Logo_300_width.png","width":300,"height":140,"caption":"DomArtStyl"},"image":{"@id":"https:\/\/domartstyl.com\/en\/#\/schema\/logo\/image\/"},"sameAs":["https:\/\/www.facebook.com\/DomArtStyl\/","https:\/\/x.com\/DomArtStyl_pl","https:\/\/www.instagram.com\/domartstyl\/?hl=en","https:\/\/pl.pinterest.com\/domartstyl01\/","https:\/\/www.youtube.com\/channel\/UCkISSgvMomI6yFFL3JDbLhw"]}]}},"_links":{"self":[{"href":"https:\/\/domartstyl.com\/en\/wp-json\/wp\/v2\/pages\/3854","targetHints":{"allow":["GET"]}}],"collection":[{"href":"https:\/\/domartstyl.com\/en\/wp-json\/wp\/v2\/pages"}],"about":[{"href":"https:\/\/domartstyl.com\/en\/wp-json\/wp\/v2\/types\/page"}],"author":[{"embeddable":true,"href":"https:\/\/domartstyl.com\/en\/wp-json\/wp\/v2\/users\/41"}],"replies":[{"embeddable":true,"href":"https:\/\/domartstyl.com\/en\/wp-json\/wp\/v2\/comments?post=3854"}],"version-history":[{"count":0,"href":"https:\/\/domartstyl.com\/en\/wp-json\/wp\/v2\/pages\/3854\/revisions"}],"up":[{"embeddable":true,"href":"https:\/\/domartstyl.com\/en\/wp-json\/wp\/v2\/pages\/3883"}],"wp:attachment":[{"href":"https:\/\/domartstyl.com\/en\/wp-json\/wp\/v2\/media?parent=3854"}],"curies":[{"name":"wp","href":"https:\/\/api.w.org\/{rel}","templated":true}]}}