{"id":12931,"date":"2018-06-21T06:04:19","date_gmt":"2018-06-21T05:04:19","guid":{"rendered":"https:\/\/domartstyl.com\/?page_id=12931"},"modified":"2024-07-01T12:41:43","modified_gmt":"2024-07-01T11:41:43","slug":"for-additional-cost","status":"publish","type":"page","link":"https:\/\/domartstyl.com\/en\/fabrics\/for-additional-cost\/","title":{"rendered":"Fabrics for additional cost"},"content":{"rendered":"<div class=\"mb-3 text-center\">\n\t<p>* differences of shades among individual batches of material are allowed<\/p>\n<\/div>\n<div class=\"row row-cols-1 row-cols-md-2 row-cols-lg-3 g-4 mt-0 mb-5\">\n\t<div class=\"col text-center\">\n\t\t<a href=\"\/en?page_id=12887\" title=\"View Fabric Amore Kratka\">\n\t\t\t<img decoding=\"async\" src=\"\/wp-content\/uploads\/tkaniny\/Amore.jpg\" loading=\"lazy\" alt=\"DomArtStyl Fabric Amore Kratka\">\n\t\t<\/a>\n\t\t<h5 class=\"p-3 mb-0\"><a href=\"\/en?page_id=12887\" title=\"View Fabric Amore Kratka\">Amore Kratka<\/a><\/h5>\n\t<\/div>\n\t<div class=\"col text-center\">\n\t\t<a href=\"\/en?page_id=89879\" title=\"View Fabric Catch Me\">\n\t\t\t<img decoding=\"async\" src=\"\/wp-content\/uploads\/tkaniny\/Catch-Me.jpg\" loading=\"lazy\" alt=\"Fabric Catch Me\">\n\t\t<\/a>\n\t\t<h5 class=\"p-3 mb-0\"><a href=\"\/en?page_id=89879\" title=\"View Fabric Catch Me\">Catch Me (Agmamito)<\/a><\/h5>\n\t<\/div>\n\t<div class=\"col text-center\">\n\t\t<a href=\"\/en?page_id=12899\" title=\"View Fabric French Velvet\">\n\t\t\t<img decoding=\"async\" src=\"\/wp-content\/uploads\/2020\/09\/g%C5%82%C3%B3wne-french-652-Copy.jpg\" loading=\"lazy\" alt=\"DomArtStyl Fabric French Velvet\">\n\t\t<\/a>\n\t\t<h5 class=\"p-3 mb-0\"><a href=\"\/en?page_id=12899\" title=\"View Fabric French Velvet\">French Velvet (Fibero)<\/a><\/h5>\n\t<\/div>\n\t<div class=\"col text-center\">\n\t\t<a href=\"\/en?page_id=12903\" title=\"View Fabric Fuego\">\n\t\t\t<img decoding=\"async\" src=\"\/wp-content\/uploads\/2020\/09\/fuego-161-g%C5%82%C3%B3wne-.jpg\" loading=\"lazy\" alt=\"DomArtStyl Fabric Fuego\">\n\t\t<\/a>\n\t\t<h5 class=\"p-3 mb-0\"><a href=\"\/en?page_id=12903\" title=\"View Fabric Fuego\">Fuego (Fibero)<\/a><\/h5>\n\t<\/div>\n\t<div class=\"col text-center\">\n\t\t<a href=\"\/en?page_id=89605\" title=\"View Fabric Garden\">\n\t\t\t<img decoding=\"async\" src=\"\/wp-content\/uploads\/2024\/04\/tkanina-garden.jpg\" loading=\"lazy\" alt=\"DomArtStyl Fabric Garden\">\n\t\t<\/a>\n\t\t<h5 class=\"p-3 mb-0\"><a href=\"\/en?page_id=89605\" title=\"View Fabric Garden\">Garden (Toptextil)<\/a><\/h5>\n\t<\/div>\n\t<div class=\"col text-center\">\n\t\t<a href=\"\/en?page_id=90049\" title=\"View Fabric Lincoln\">\n\t\t\t<img decoding=\"async\" src=\"\/wp-content\/uploads\/tkaniny\/Lincoln.jpg\" loading=\"lazy\" alt=\"DomArtStyl Fabric Lincoln\">\n\t\t<\/a>\n\t\t<h5 class=\"p-3 mb-0\"><a href=\"\/en?page_id=90049\" title=\"View Fabric Lincoln\">Lincoln (Davis)<\/a><\/h5>\n\t<\/div>\n\t<div class=\"col text-center\">\n\t\t<a href=\"\/en\/fabrics\/loris\/\" title=\"View Fabric Loris\">\n\t\t\t<img decoding=\"async\" src=\"\/wp-content\/uploads\/tkaniny\/Loris.jpg\" loading=\"lazy\" alt=\"DomArtStyl Fabric Loris\">\n\t\t<\/a>\n\t\t<h5 class=\"p-3 mb-0\"><a href=\"\/en\/fabrics\/loris\/\" title=\"View Fabric Loris\">Loris (Davis)<\/a><\/h5>\n\t<\/div>\n\t<div class=\"col text-center\">\n\t\t<a href=\"\/en?page_id=55131\" title=\"View Fabric Magic Velvet\">\n\t\t\t<img decoding=\"async\" src=\"\/wp-content\/uploads\/2020\/09\/magic-velvet-g%C5%82%C3%B3wne-Copy.jpg\" loading=\"lazy\" alt=\"DomArtStyl Fabric Magic Velvet\">\n\t\t<\/a>\n\t\t<h5 class=\"p-3 mb-0\"><a href=\"\/en?page_id=55131\" title=\"View Fabric Magic Velvet\">Magic Velvet (Toptextil)<\/a><\/h5>\n\t<\/div>\n\t<div class=\"col text-center\">\n\t\t<a href=\"\/en?page_id=12907\" title=\"View Fabric Milton\">\n\t\t\t<img decoding=\"async\" src=\"\/wp-content\/uploads\/2021\/01\/miniaturka-Copy.jpg\" loading=\"lazy\" alt=\"DomArtStyl Fabric Milton\">\n\t\t<\/a>\n\t\t<h5 class=\"p-3 mb-0\"><a href=\"\/en?page_id=12907\" title=\"View Fabric Milton\">Milton (Fargotext)<\/a><\/h5>\n\t<\/div>\n\t<div class=\"col text-center\">\n\t\t<a href=\"\/en?page_id=12915\" title=\"View Fabric Piano\">\n\t\t\t<img decoding=\"async\" src=\"\/wp-content\/uploads\/2020\/09\/piano14-g%C5%82%C3%B3wne-inne-Copy.jpg\" loading=\"lazy\" alt=\"DomArtStyl Fabric Piano\">\n\t\t<\/a>\n\t\t<h5 class=\"p-3 mb-0\"><a href=\"\/en?page_id=12915\" title=\"View Fabric Piano\">Piano (Fargotex)<\/a><\/h5>\n\t<\/div>\n\t<div class=\"col text-center\">\n\t\t<a href=\"\/en?page_id=12919\" title=\"View Fabric Prestige\">\n\t\t\t<img decoding=\"async\" src=\"\/wp-content\/uploads\/2020\/09\/prestige-g%C5%82%C3%B3wne.jpg\" loading=\"lazy\" alt=\"DomArtStyl Fabric Prestige\">\n\t\t<\/a>\n\t\t<h5 class=\"p-3 mb-0\"><a href=\"\/en?page_id=12919\" title=\"View Fabric Prestige\">Prestige (Toptextil)<\/a><\/h5>\n\t<\/div>\n\t<div class=\"col text-center\">\n\t\t<a href=\"\/en?page_id=61639\" title=\"View Fabric Primo\">\n\t\t\t<img decoding=\"async\" src=\"\/wp-content\/uploads\/2020\/03\/400x400.jpg\" loading=\"lazy\" alt=\"DomArtStyl Fabric Primo\">\n\t\t<\/a>\n\t\t<h5 class=\"p-3 mb-0\"><a href=\"\/en?page_id=61639\" title=\"View Fabric Primo\">Primo (Emotivero)<\/a><\/h5>\n\t<\/div>\n\t<div class=\"col text-center\">\n\t\t<a href=\"\/en?page_id=67517\" title=\"View Fabric Salvador\">\n\t\t\t<img decoding=\"async\" src=\"\/wp-content\/uploads\/2020\/11\/salvador_13-na-g%C5%82%C3%B3wn%C4%85-z-kropl%C4%85-1.jpg\" loading=\"lazy\" alt=\"DomArtStyl Fabric Salvador\">\n\t\t<\/a>\n\t\t<h5 class=\"p-3 mb-0\"><a href=\"\/en?page_id=67517\" title=\"View Fabric Salvador\">Salvador (Agmamito)<\/a><\/h5>\n\t<\/div>\n\t<div class=\"col text-center\">\n\t\t<a href=\"\/en?page_id=67523\" title=\"View Fabric Solar\">\n\t\t\t<img decoding=\"async\" src=\"\/wp-content\/uploads\/2020\/11\/Zdj%C4%99cie-g%C5%82%C3%B3wne-wz%C3%B3r-kropla-Copy.jpg\" loading=\"lazy\" alt=\"DomArtStyl Fabric Solar\">\n\t\t<\/a>\n\t\t<h5 class=\"p-3 mb-0\"><a href=\"\/en?page_id=67523\" title=\"View Fabric Solar\">Solar (Davis)<\/a><\/h5>\n\t<\/div>\n\t<div class=\"col text-center\">\n\t\t<a href=\"\/en?page_id=5582\" title=\"View Fabric Tropic\">\n\t\t\t<img decoding=\"async\" src=\"\/wp-content\/uploads\/2018\/04\/3-6.jpg\" loading=\"lazy\" alt=\"DomArtStyl Fabric Tropic\">\n\t\t<\/a>\n\t\t<h5 class=\"p-3 mb-0\"><a href=\"\/en?page_id=5582\" title=\"View Fabric Tropic\">Tropic (Lech)<\/a><\/h5>\n\t<\/div>\n\t<div class=\"col text-center\">\n\t\t<a href=\"\/en?page_id=77194\" title=\"View DomArtStyl fabrics collection\">\n\t\t\t<img decoding=\"async\" src=\"\/wp-content\/uploads\/2018\/06\/Baner-kolekcja-tkanin-domartstyl.jpg\" loading=\"lazy\" alt=\"DomArtStyl fabrics collection\">\n\t\t<\/a>\n\t\t<h5 class=\"p-3 mb-0\"><a href=\"\/en?page_id=77194\" title=\"View DomArtStyl fabrics collection\">DomArtStyl fabrics collection<\/a><\/h5>\n\t<\/div>\n<\/div>","protected":false},"excerpt":{"rendered":"<p>* differences of shades among individual batches of material are allowed Amore Kratka Catch Me (Agmamito) French Velvet (Fibero) Fuego [&hellip;]<\/p>\n","protected":false},"author":41,"featured_media":0,"parent":3883,"menu_order":0,"comment_status":"closed","ping_status":"closed","template":"page-sidebar-none.php","meta":{"footnotes":""},"class_list":["post-12931","page","type-page","status-publish","hentry"],"yoast_head":"<!-- This site is optimized with the Yoast SEO Premium plugin v25.0 (Yoast SEO v25.0) - https:\/\/yoast.com\/wordpress\/plugins\/seo\/ -->\n<title>Fabrics for additional cost - DomArtStyl<\/title>\n<meta name=\"robots\" content=\"index, follow, max-snippet:-1, max-image-preview:large, max-video-preview:-1\" \/>\n<link rel=\"canonical\" href=\"https:\/\/domartstyl.com\/en\/fabrics\/for-additional-cost\/\" \/>\n<meta property=\"og:locale\" content=\"en_US\" \/>\n<meta property=\"og:type\" content=\"article\" \/>\n<meta property=\"og:title\" content=\"Fabrics for additional cost\" \/>\n<meta property=\"og:description\" content=\"* differences of shades among individual batches of material are allowed Amore Kratka Catch Me (Agmamito) French Velvet (Fibero) Fuego [&hellip;]\" \/>\n<meta property=\"og:url\" content=\"https:\/\/domartstyl.com\/en\/fabrics\/for-additional-cost\/\" \/>\n<meta property=\"og:site_name\" content=\"DomArtStyl\" \/>\n<meta property=\"article:publisher\" content=\"https:\/\/www.facebook.com\/DomArtStyl\/\" \/>\n<meta property=\"article:modified_time\" content=\"2024-07-01T11:41:43+00:00\" \/>\n<meta property=\"og:image\" content=\"https:\/\/domartstyl.com\/wp-content\/uploads\/2021\/06\/logo_meta_og.jpg\" \/>\n\t<meta property=\"og:image:width\" content=\"800\" \/>\n\t<meta property=\"og:image:height\" content=\"800\" \/>\n\t<meta property=\"og:image:type\" content=\"image\/jpeg\" \/>\n<meta name=\"twitter:card\" content=\"summary_large_image\" \/>\n<meta name=\"twitter:site\" content=\"@DomArtStyl_pl\" \/>\n<meta name=\"twitter:label1\" content=\"Est. reading time\" \/>\n\t<meta name=\"twitter:data1\" content=\"4 minutes\" \/>\n<script type=\"application\/ld+json\" class=\"yoast-schema-graph\">{\"@context\":\"https:\/\/schema.org\",\"@graph\":[{\"@type\":\"WebPage\",\"@id\":\"https:\/\/domartstyl.com\/en\/fabrics\/for-additional-cost\/\",\"url\":\"https:\/\/domartstyl.com\/en\/fabrics\/for-additional-cost\/\",\"name\":\"Fabrics for additional cost - DomArtStyl\",\"isPartOf\":{\"@id\":\"https:\/\/domartstyl.com\/en\/#website\"},\"datePublished\":\"2018-06-21T05:04:19+00:00\",\"dateModified\":\"2024-07-01T11:41:43+00:00\",\"breadcrumb\":{\"@id\":\"https:\/\/domartstyl.com\/en\/fabrics\/for-additional-cost\/#breadcrumb\"},\"inLanguage\":\"en-US\",\"potentialAction\":[{\"@type\":\"ReadAction\",\"target\":[\"https:\/\/domartstyl.com\/en\/fabrics\/for-additional-cost\/\"]}]},{\"@type\":\"BreadcrumbList\",\"@id\":\"https:\/\/domartstyl.com\/en\/fabrics\/for-additional-cost\/#breadcrumb\",\"itemListElement\":[{\"@type\":\"ListItem\",\"position\":1,\"name\":\"Strona g\u0142\u00f3wna\",\"item\":\"https:\/\/domartstyl.com\/en\/\"},{\"@type\":\"ListItem\",\"position\":2,\"name\":\"Fabrics\",\"item\":\"https:\/\/domartstyl.com\/en\/fabrics\/\"},{\"@type\":\"ListItem\",\"position\":3,\"name\":\"Fabrics for additional cost\"}]},{\"@type\":\"WebSite\",\"@id\":\"https:\/\/domartstyl.com\/en\/#website\",\"url\":\"https:\/\/domartstyl.com\/en\/\",\"name\":\"DomArtStyl\",\"description\":\"Tworzymy meble najwy\u017cszej jako\u015bci. Sprzeda\u017c detaliczna \u00b7 Sprzeda\u017c hurtowa\",\"publisher\":{\"@id\":\"https:\/\/domartstyl.com\/en\/#organization\"},\"potentialAction\":[{\"@type\":\"SearchAction\",\"target\":{\"@type\":\"EntryPoint\",\"urlTemplate\":\"https:\/\/domartstyl.com\/en\/?s={search_term_string}\"},\"query-input\":{\"@type\":\"PropertyValueSpecification\",\"valueRequired\":true,\"valueName\":\"search_term_string\"}}],\"inLanguage\":\"en-US\"},{\"@type\":\"Organization\",\"@id\":\"https:\/\/domartstyl.com\/en\/#organization\",\"name\":\"DomArtStyl\",\"url\":\"https:\/\/domartstyl.com\/en\/\",\"logo\":{\"@type\":\"ImageObject\",\"inLanguage\":\"en-US\",\"@id\":\"https:\/\/domartstyl.com\/en\/#\/schema\/logo\/image\/\",\"url\":\"https:\/\/domartstyl.com\/wp-content\/uploads\/2018\/04\/Logo_300_width.png\",\"contentUrl\":\"https:\/\/domartstyl.com\/wp-content\/uploads\/2018\/04\/Logo_300_width.png\",\"width\":300,\"height\":140,\"caption\":\"DomArtStyl\"},\"image\":{\"@id\":\"https:\/\/domartstyl.com\/en\/#\/schema\/logo\/image\/\"},\"sameAs\":[\"https:\/\/www.facebook.com\/DomArtStyl\/\",\"https:\/\/x.com\/DomArtStyl_pl\",\"https:\/\/www.instagram.com\/domartstyl\/?hl=en\",\"https:\/\/pl.pinterest.com\/domartstyl01\/\",\"https:\/\/www.youtube.com\/channel\/UCkISSgvMomI6yFFL3JDbLhw\"]}]}<\/script>\n<!-- \/ Yoast SEO Premium plugin. -->","yoast_head_json":{"title":"Fabrics for additional cost - DomArtStyl","robots":{"index":"index","follow":"follow","max-snippet":"max-snippet:-1","max-image-preview":"max-image-preview:large","max-video-preview":"max-video-preview:-1"},"canonical":"https:\/\/domartstyl.com\/en\/fabrics\/for-additional-cost\/","og_locale":"en_US","og_type":"article","og_title":"Fabrics for additional cost","og_description":"* differences of shades among individual batches of material are allowed Amore Kratka Catch Me (Agmamito) French Velvet (Fibero) Fuego [&hellip;]","og_url":"https:\/\/domartstyl.com\/en\/fabrics\/for-additional-cost\/","og_site_name":"DomArtStyl","article_publisher":"https:\/\/www.facebook.com\/DomArtStyl\/","article_modified_time":"2024-07-01T11:41:43+00:00","og_image":[{"width":800,"height":800,"url":"https:\/\/domartstyl.com\/wp-content\/uploads\/2021\/06\/logo_meta_og.jpg","type":"image\/jpeg"}],"twitter_card":"summary_large_image","twitter_site":"@DomArtStyl_pl","twitter_misc":{"Est. reading time":"4 minutes"},"schema":{"@context":"https:\/\/schema.org","@graph":[{"@type":"WebPage","@id":"https:\/\/domartstyl.com\/en\/fabrics\/for-additional-cost\/","url":"https:\/\/domartstyl.com\/en\/fabrics\/for-additional-cost\/","name":"Fabrics for additional cost - DomArtStyl","isPartOf":{"@id":"https:\/\/domartstyl.com\/en\/#website"},"datePublished":"2018-06-21T05:04:19+00:00","dateModified":"2024-07-01T11:41:43+00:00","breadcrumb":{"@id":"https:\/\/domartstyl.com\/en\/fabrics\/for-additional-cost\/#breadcrumb"},"inLanguage":"en-US","potentialAction":[{"@type":"ReadAction","target":["https:\/\/domartstyl.com\/en\/fabrics\/for-additional-cost\/"]}]},{"@type":"BreadcrumbList","@id":"https:\/\/domartstyl.com\/en\/fabrics\/for-additional-cost\/#breadcrumb","itemListElement":[{"@type":"ListItem","position":1,"name":"Strona g\u0142\u00f3wna","item":"https:\/\/domartstyl.com\/en\/"},{"@type":"ListItem","position":2,"name":"Fabrics","item":"https:\/\/domartstyl.com\/en\/fabrics\/"},{"@type":"ListItem","position":3,"name":"Fabrics for additional cost"}]},{"@type":"WebSite","@id":"https:\/\/domartstyl.com\/en\/#website","url":"https:\/\/domartstyl.com\/en\/","name":"DomArtStyl","description":"Tworzymy meble najwy\u017cszej jako\u015bci. Sprzeda\u017c detaliczna \u00b7 Sprzeda\u017c hurtowa","publisher":{"@id":"https:\/\/domartstyl.com\/en\/#organization"},"potentialAction":[{"@type":"SearchAction","target":{"@type":"EntryPoint","urlTemplate":"https:\/\/domartstyl.com\/en\/?s={search_term_string}"},"query-input":{"@type":"PropertyValueSpecification","valueRequired":true,"valueName":"search_term_string"}}],"inLanguage":"en-US"},{"@type":"Organization","@id":"https:\/\/domartstyl.com\/en\/#organization","name":"DomArtStyl","url":"https:\/\/domartstyl.com\/en\/","logo":{"@type":"ImageObject","inLanguage":"en-US","@id":"https:\/\/domartstyl.com\/en\/#\/schema\/logo\/image\/","url":"https:\/\/domartstyl.com\/wp-content\/uploads\/2018\/04\/Logo_300_width.png","contentUrl":"https:\/\/domartstyl.com\/wp-content\/uploads\/2018\/04\/Logo_300_width.png","width":300,"height":140,"caption":"DomArtStyl"},"image":{"@id":"https:\/\/domartstyl.com\/en\/#\/schema\/logo\/image\/"},"sameAs":["https:\/\/www.facebook.com\/DomArtStyl\/","https:\/\/x.com\/DomArtStyl_pl","https:\/\/www.instagram.com\/domartstyl\/?hl=en","https:\/\/pl.pinterest.com\/domartstyl01\/","https:\/\/www.youtube.com\/channel\/UCkISSgvMomI6yFFL3JDbLhw"]}]}},"_links":{"self":[{"href":"https:\/\/domartstyl.com\/en\/wp-json\/wp\/v2\/pages\/12931","targetHints":{"allow":["GET"]}}],"collection":[{"href":"https:\/\/domartstyl.com\/en\/wp-json\/wp\/v2\/pages"}],"about":[{"href":"https:\/\/domartstyl.com\/en\/wp-json\/wp\/v2\/types\/page"}],"author":[{"embeddable":true,"href":"https:\/\/domartstyl.com\/en\/wp-json\/wp\/v2\/users\/41"}],"replies":[{"embeddable":true,"href":"https:\/\/domartstyl.com\/en\/wp-json\/wp\/v2\/comments?post=12931"}],"version-history":[{"count":0,"href":"https:\/\/domartstyl.com\/en\/wp-json\/wp\/v2\/pages\/12931\/revisions"}],"up":[{"embeddable":true,"href":"https:\/\/domartstyl.com\/en\/wp-json\/wp\/v2\/pages\/3883"}],"wp:attachment":[{"href":"https:\/\/domartstyl.com\/en\/wp-json\/wp\/v2\/media?parent=12931"}],"curies":[{"name":"wp","href":"https:\/\/api.w.org\/{rel}","templated":true}]}}