{"id":12923,"date":"2018-06-20T09:35:26","date_gmt":"2018-06-20T08:35:26","guid":{"rendered":"https:\/\/domartstyl.com\/fabrics\/w-cenie-mebla\/"},"modified":"2024-10-16T13:13:13","modified_gmt":"2024-10-16T12:13:13","slug":"in-price","status":"publish","type":"page","link":"https:\/\/domartstyl.com\/en\/fabrics\/in-price\/","title":{"rendered":"Fabrics in price"},"content":{"rendered":"<div class=\"mb-3 text-center\">\n\t<div class=\"d-flex flex-row align-items-center justify-content-center mb-2\">\n\t\t<img decoding=\"async\" src=\"https:\/\/domartstyl.com\/wp-content\/uploads\/2018\/10\/water-drop-150x150.png\" style=\"max-width:30px\" alt=\"Symbol tkaniny\">\n\t\t<p class=\"mb-0\">\u2013 fabrics with limited fluid absorption<\/p>\n\t<\/div>\n\t<p>* differences of shades among individual batches of material are allowed<\/p>\n<\/div>\n<div class=\"row row-cols-1 row-cols-md-2 row-cols-lg-3 g-4 mt-0 mb-5\">\n\t<div class=\"col text-center\">\n\t\t<a href=\"\/en?page_id=3851\" title=\"View Fabric Amore\">\n\t\t\t<img decoding=\"async\" src=\"\/wp-content\/uploads\/2018\/04\/45.jpg\" loading=\"lazy\" alt=\"DomArtStyl Fabric Amore\">\n\t\t<\/a>\n\t\t<h5 class=\"p-3 mb-0\"><a href=\"\/en?page_id=3851\" title=\"View Fabric Amore\">Amore (S.I.C)<\/a><\/h5>\n\t<\/div>\n\t<div class=\"col text-center\">\n\t\t<a href=\"\/en?page_id=88620\" title=\"View Fabric Bluvel\">\n\t\t\t<img decoding=\"async\" src=\"\/wp-content\/uploads\/tkaniny\/Bluvel\/Bluvel.jpg\" loading=\"lazy\" alt=\"DomArtStyl Fabric Bluvel\">\n\t\t<\/a>\n\t\t<h5 class=\"p-3 mb-0\"><a href=\"\/en?page_id=88620\" title=\"View Fabric Bluvel\">Bluvel (Fabb)<\/a><\/h5>\n\t<\/div>\n\t<div class=\"col text-center\">\n\t\t<a href=\"\/en?page_id=3854\" title=\"View Fabric Cayenne\">\n\t\t\t<img decoding=\"async\" src=\"\/wp-content\/uploads\/2018\/04\/1111.jpg\" loading=\"lazy\" alt=\"DomArtStyl Fabric Cayenne\">\n\t\t<\/a>\n\t\t<h5 class=\"p-3 mb-0\"><a href=\"\/en?page_id=3854\" title=\"View Fabric Cayenne\">Cayenne (S.I.C)<\/a><\/h5>\n\t<\/div>\n\t<div class=\"col text-center\">\n\t\t<a href=\"\/en?page_id=5580\" title=\"View Fabric Fresh\">\n\t\t\t<img decoding=\"async\" src=\"\/wp-content\/uploads\/2018\/04\/14-6.jpg\" loading=\"lazy\" alt=\"DomArtStyl Fabric Fresh\">\n\t\t<\/a>\n\t\t<h5 class=\"p-3 mb-0\"><a href=\"\/en?page_id=5580\" title=\"View Fabric Fresh\">Fresh (LECH)<\/a><\/h5>\n\t<\/div>\n\t<div class=\"col text-center\">\n\t\t<a href=\"\/en?page_id=5591\" title=\"View Fabric Inari\">\n\t\t\t<img decoding=\"async\" src=\"\/wp-content\/uploads\/2018\/04\/81-1.jpg\" loading=\"lazy\" alt=\"DomArtStyl Fabric Inari\">\n\t\t<\/a>\n\t\t<h5 class=\"p-3 mb-0\"><a href=\"\/en?page_id=5591\" title=\"View Fabric Inari\">Inari (Davis)<\/a><\/h5>\n\t<\/div>\n\t<div class=\"col text-center\">\n\t\t<a href=\"\/en?page_id=5577\" title=\"View Fabric Kronos\">\n\t\t\t<img decoding=\"async\" src=\"\/wp-content\/uploads\/2018\/04\/35-8.jpg\" loading=\"lazy\" alt=\"DomArtStyl Fabric Kronos\">\n\t\t<\/a>\n\t\t<h5 class=\"p-3 mb-0\"><a href=\"\/en?page_id=5577\" title=\"View Fabric Kronos\">Kronos (LECH)<\/a><\/h5>\n\t<\/div>\n\t<div class=\"col text-center\">\n\t\t<a href=\"\/en?page_id=85837\" title=\"View Fabric Lars\">\n\t\t\t<img decoding=\"async\" src=\"\/wp-content\/uploads\/2020\/11\/Miniaturka-Copy.jpg\" loading=\"lazy\" alt=\"DomArtStyl Fabric Lars\">\n\t\t<\/a>\n\t\t<h5 class=\"p-3 mb-0\"><a href=\"\/en?page_id=85837\" title=\"View Fabric Lars\">Lars (Davis)<\/a><\/h5>\n\t<\/div>\n\t<div class=\"col text-center\">\n\t\t<a href=\"\/en?page_id=5590\" title=\"View Fabric Luna\">\n\t\t\t<img decoding=\"async\" src=\"\/wp-content\/uploads\/2018\/04\/29-1.jpg\" loading=\"lazy\" alt=\"DomArtStyl Fabric Luna\">\n\t\t<\/a>\n\t\t<h5 class=\"p-3 mb-0\"><a href=\"\/en?page_id=5590\" title=\"View Fabric Luna\">Luna (S.I.C)<\/a><\/h5>\n\t<\/div>\n\t<div class=\"col text-center\">\n\t\t<a href=\"\/en?page_id=55151\" title=\"View Fabric Monolith\">\n\t\t\t<img decoding=\"async\" src=\"\/wp-content\/uploads\/2020\/09\/Monolith-02-g%C5%82%C3%B3wne-Copy.jpg\" loading=\"lazy\" alt=\"DomArtStyl Fabric Monolith\">\n\t\t<\/a>\n\t\t<h5 class=\"p-3 mb-0\"><a href=\"\/en?page_id=55151\" title=\"View Fabric Monolith\">Monolith (Davis)<\/a><\/h5>\n\t<\/div>\n\t<div class=\"col text-center\">\n\t\t<a href=\"\/en?page_id=5587\" title=\"View Fabric Orinoco\">\n\t\t\t<img decoding=\"async\" src=\"\/wp-content\/uploads\/2018\/04\/40-1.jpg\" loading=\"lazy\" alt=\"DomArtStyl Fabric Orinoco\">\n\t\t<\/a>\n\t\t<h5 class=\"p-3 mb-0\"><a href=\"\/en?page_id=5587\" title=\"View Fabric Orinoco\">Orinoco (Davis)<\/a><\/h5>\n\t<\/div>\n\t<div class=\"col text-center\">\n\t\t<a href=\"\/en\/fabrics\/paros\/\" title=\"View Fabric Paros\">\n\t\t\t<img decoding=\"async\" src=\"\/wp-content\/uploads\/tkaniny\/Paros\/Paros-3.webp\" loading=\"lazy\" alt=\"DomArtStyl Fabric Paros\">\n\t\t<\/a>\n\t\t<h5 class=\"p-3 mb-0\"><a href=\"\/en\/fabrics\/paros\/\" title=\"View Fabric Paros\">Paros (Lech)<\/a><\/h5>\n\t<\/div>\n\t<div class=\"col text-center\">\n\t\t<a href=\"\/en?page_id=5572\" title=\"View Fabric Ranger\">\n\t\t\t<img decoding=\"async\" src=\"\/wp-content\/uploads\/2018\/04\/Ranger-9.jpg\" loading=\"lazy\" alt=\"DomArtStyl Fabric Ranger\">\n\t\t<\/a>\n\t\t<h5 class=\"p-3 mb-0\"><a href=\"\/en?page_id=5572\" title=\"View Fabric Ranger\">Ranger (S.I.C)<\/a><\/h5>\n\t<\/div>\n\t<div class=\"col text-center\">\n\t\t<a href=\"\/en?page_id=56295\" title=\"View Fabric Riviera\">\n\t\t\t<img decoding=\"async\" src=\"\/wp-content\/uploads\/2020\/09\/riviera-41-g%C5%82%C3%B3wne-Copy-1.jpg\" loading=\"lazy\" alt=\"DomArtStyl Fabric Riviera\">\n\t\t<\/a>\n\t\t<h5 class=\"p-3 mb-0\"><a href=\"\/en?page_id=56295\" title=\"View Fabric Riviera\">Riviera (Davis)<\/a><\/h5>\n\t<\/div>\n\t<div class=\"col text-center\">\n\t\t<a href=\"\/en?page_id=5593\" title=\"View Fabric Soft\">\n\t\t\t<img decoding=\"async\" src=\"\/wp-content\/uploads\/2018\/04\/12-1.jpg\" loading=\"lazy\" alt=\"DomArtStyl Fabric Soft\">\n\t\t<\/a>\n\t\t<h5 class=\"p-3 mb-0\"><a href=\"\/en?page_id=5593\" title=\"View Fabric Soft\">Soft (Lech)<\/a><\/h5>\n\t<\/div>\n\t<div class=\"col text-center\">\n\t\t<a href=\"\/en?page_id=5574\" title=\"View Fabric Triniy\">\n\t\t\t<img decoding=\"async\" src=\"\/wp-content\/uploads\/2018\/10\/Trinity-1.jpg\" loading=\"lazy\" alt=\"DomArtStyl Fabric Triniy\">\n\t\t<\/a>\n\t\t<h5 class=\"p-3 mb-0\"><a href=\"\/en?page_id=5574\" title=\"View Fabric Triniy\">Triniy (S.I.C)<\/a><\/h5>\n\t<\/div>\n\t<div class=\"col text-center\">\n\t\t<a href=\"\/en?page_id=5573\" title=\"View Fabric Victoria\">\n\t\t\t<img decoding=\"async\" src=\"\/wp-content\/uploads\/2018\/10\/Victoria.jpg\" loading=\"lazy\" alt=\"DomArtStyl Fabric Victoria\">\n\t\t<\/a>\n\t\t<h5 class=\"p-3 mb-0\"><a href=\"\/en?page_id=5573\" title=\"View Fabric Victoria\">Victoria (Agmamito)<\/a><\/h5>\n\t<\/div>\n<\/div>","protected":false},"excerpt":{"rendered":"<p>\u2013 fabrics with limited fluid absorption * differences of shades among individual batches of material are allowed Amore (S.I.C) Bluvel [&hellip;]<\/p>\n","protected":false},"author":41,"featured_media":0,"parent":3883,"menu_order":0,"comment_status":"closed","ping_status":"closed","template":"page-sidebar-none.php","meta":{"footnotes":""},"class_list":["post-12923","page","type-page","status-publish","hentry"],"yoast_head":"<!-- This site is optimized with the Yoast SEO Premium plugin v25.0 (Yoast SEO v25.0) - https:\/\/yoast.com\/wordpress\/plugins\/seo\/ -->\n<title>Fabrics in price - DomArtStyl<\/title>\n<meta name=\"robots\" content=\"index, follow, max-snippet:-1, max-image-preview:large, max-video-preview:-1\" \/>\n<link rel=\"canonical\" href=\"https:\/\/domartstyl.com\/en\/fabrics\/in-price\/\" \/>\n<meta property=\"og:locale\" content=\"en_US\" \/>\n<meta property=\"og:type\" content=\"article\" \/>\n<meta property=\"og:title\" content=\"Fabrics in price\" \/>\n<meta property=\"og:description\" content=\"\u2013 fabrics with limited fluid absorption * differences of shades among individual batches of material are allowed Amore (S.I.C) Bluvel [&hellip;]\" \/>\n<meta property=\"og:url\" content=\"https:\/\/domartstyl.com\/en\/fabrics\/in-price\/\" \/>\n<meta property=\"og:site_name\" content=\"DomArtStyl\" \/>\n<meta property=\"article:publisher\" content=\"https:\/\/www.facebook.com\/DomArtStyl\/\" \/>\n<meta property=\"article:modified_time\" content=\"2024-10-16T12:13:13+00:00\" \/>\n<meta property=\"og:image\" content=\"https:\/\/domartstyl.com\/wp-content\/uploads\/2018\/10\/water-drop-150x150.png\" \/>\n<meta name=\"twitter:card\" content=\"summary_large_image\" \/>\n<meta name=\"twitter:site\" content=\"@DomArtStyl_pl\" \/>\n<meta name=\"twitter:label1\" content=\"Est. reading time\" \/>\n\t<meta name=\"twitter:data1\" content=\"4 minutes\" \/>\n<script type=\"application\/ld+json\" class=\"yoast-schema-graph\">{\"@context\":\"https:\/\/schema.org\",\"@graph\":[{\"@type\":\"WebPage\",\"@id\":\"https:\/\/domartstyl.com\/en\/fabrics\/in-price\/\",\"url\":\"https:\/\/domartstyl.com\/en\/fabrics\/in-price\/\",\"name\":\"Fabrics in price - DomArtStyl\",\"isPartOf\":{\"@id\":\"https:\/\/domartstyl.com\/en\/#website\"},\"primaryImageOfPage\":{\"@id\":\"https:\/\/domartstyl.com\/en\/fabrics\/in-price\/#primaryimage\"},\"image\":{\"@id\":\"https:\/\/domartstyl.com\/en\/fabrics\/in-price\/#primaryimage\"},\"thumbnailUrl\":\"https:\/\/domartstyl.com\/wp-content\/uploads\/2018\/10\/water-drop-150x150.png\",\"datePublished\":\"2018-06-20T08:35:26+00:00\",\"dateModified\":\"2024-10-16T12:13:13+00:00\",\"breadcrumb\":{\"@id\":\"https:\/\/domartstyl.com\/en\/fabrics\/in-price\/#breadcrumb\"},\"inLanguage\":\"en-US\",\"potentialAction\":[{\"@type\":\"ReadAction\",\"target\":[\"https:\/\/domartstyl.com\/en\/fabrics\/in-price\/\"]}]},{\"@type\":\"ImageObject\",\"inLanguage\":\"en-US\",\"@id\":\"https:\/\/domartstyl.com\/en\/fabrics\/in-price\/#primaryimage\",\"url\":\"https:\/\/domartstyl.com\/wp-content\/uploads\/2018\/10\/water-drop-150x150.png\",\"contentUrl\":\"https:\/\/domartstyl.com\/wp-content\/uploads\/2018\/10\/water-drop-150x150.png\"},{\"@type\":\"BreadcrumbList\",\"@id\":\"https:\/\/domartstyl.com\/en\/fabrics\/in-price\/#breadcrumb\",\"itemListElement\":[{\"@type\":\"ListItem\",\"position\":1,\"name\":\"Strona g\u0142\u00f3wna\",\"item\":\"https:\/\/domartstyl.com\/en\/\"},{\"@type\":\"ListItem\",\"position\":2,\"name\":\"Fabrics\",\"item\":\"https:\/\/domartstyl.com\/en\/fabrics\/\"},{\"@type\":\"ListItem\",\"position\":3,\"name\":\"Fabrics in price\"}]},{\"@type\":\"WebSite\",\"@id\":\"https:\/\/domartstyl.com\/en\/#website\",\"url\":\"https:\/\/domartstyl.com\/en\/\",\"name\":\"DomArtStyl\",\"description\":\"Tworzymy meble najwy\u017cszej jako\u015bci. Sprzeda\u017c detaliczna \u00b7 Sprzeda\u017c hurtowa\",\"publisher\":{\"@id\":\"https:\/\/domartstyl.com\/en\/#organization\"},\"potentialAction\":[{\"@type\":\"SearchAction\",\"target\":{\"@type\":\"EntryPoint\",\"urlTemplate\":\"https:\/\/domartstyl.com\/en\/?s={search_term_string}\"},\"query-input\":{\"@type\":\"PropertyValueSpecification\",\"valueRequired\":true,\"valueName\":\"search_term_string\"}}],\"inLanguage\":\"en-US\"},{\"@type\":\"Organization\",\"@id\":\"https:\/\/domartstyl.com\/en\/#organization\",\"name\":\"DomArtStyl\",\"url\":\"https:\/\/domartstyl.com\/en\/\",\"logo\":{\"@type\":\"ImageObject\",\"inLanguage\":\"en-US\",\"@id\":\"https:\/\/domartstyl.com\/en\/#\/schema\/logo\/image\/\",\"url\":\"https:\/\/domartstyl.com\/wp-content\/uploads\/2018\/04\/Logo_300_width.png\",\"contentUrl\":\"https:\/\/domartstyl.com\/wp-content\/uploads\/2018\/04\/Logo_300_width.png\",\"width\":300,\"height\":140,\"caption\":\"DomArtStyl\"},\"image\":{\"@id\":\"https:\/\/domartstyl.com\/en\/#\/schema\/logo\/image\/\"},\"sameAs\":[\"https:\/\/www.facebook.com\/DomArtStyl\/\",\"https:\/\/x.com\/DomArtStyl_pl\",\"https:\/\/www.instagram.com\/domartstyl\/?hl=en\",\"https:\/\/pl.pinterest.com\/domartstyl01\/\",\"https:\/\/www.youtube.com\/channel\/UCkISSgvMomI6yFFL3JDbLhw\"]}]}<\/script>\n<!-- \/ Yoast SEO Premium plugin. -->","yoast_head_json":{"title":"Fabrics in price - DomArtStyl","robots":{"index":"index","follow":"follow","max-snippet":"max-snippet:-1","max-image-preview":"max-image-preview:large","max-video-preview":"max-video-preview:-1"},"canonical":"https:\/\/domartstyl.com\/en\/fabrics\/in-price\/","og_locale":"en_US","og_type":"article","og_title":"Fabrics in price","og_description":"\u2013 fabrics with limited fluid absorption * differences of shades among individual batches of material are allowed Amore (S.I.C) Bluvel [&hellip;]","og_url":"https:\/\/domartstyl.com\/en\/fabrics\/in-price\/","og_site_name":"DomArtStyl","article_publisher":"https:\/\/www.facebook.com\/DomArtStyl\/","article_modified_time":"2024-10-16T12:13:13+00:00","og_image":[{"url":"https:\/\/domartstyl.com\/wp-content\/uploads\/2018\/10\/water-drop-150x150.png","type":"","width":"","height":""}],"twitter_card":"summary_large_image","twitter_site":"@DomArtStyl_pl","twitter_misc":{"Est. reading time":"4 minutes"},"schema":{"@context":"https:\/\/schema.org","@graph":[{"@type":"WebPage","@id":"https:\/\/domartstyl.com\/en\/fabrics\/in-price\/","url":"https:\/\/domartstyl.com\/en\/fabrics\/in-price\/","name":"Fabrics in price - DomArtStyl","isPartOf":{"@id":"https:\/\/domartstyl.com\/en\/#website"},"primaryImageOfPage":{"@id":"https:\/\/domartstyl.com\/en\/fabrics\/in-price\/#primaryimage"},"image":{"@id":"https:\/\/domartstyl.com\/en\/fabrics\/in-price\/#primaryimage"},"thumbnailUrl":"https:\/\/domartstyl.com\/wp-content\/uploads\/2018\/10\/water-drop-150x150.png","datePublished":"2018-06-20T08:35:26+00:00","dateModified":"2024-10-16T12:13:13+00:00","breadcrumb":{"@id":"https:\/\/domartstyl.com\/en\/fabrics\/in-price\/#breadcrumb"},"inLanguage":"en-US","potentialAction":[{"@type":"ReadAction","target":["https:\/\/domartstyl.com\/en\/fabrics\/in-price\/"]}]},{"@type":"ImageObject","inLanguage":"en-US","@id":"https:\/\/domartstyl.com\/en\/fabrics\/in-price\/#primaryimage","url":"https:\/\/domartstyl.com\/wp-content\/uploads\/2018\/10\/water-drop-150x150.png","contentUrl":"https:\/\/domartstyl.com\/wp-content\/uploads\/2018\/10\/water-drop-150x150.png"},{"@type":"BreadcrumbList","@id":"https:\/\/domartstyl.com\/en\/fabrics\/in-price\/#breadcrumb","itemListElement":[{"@type":"ListItem","position":1,"name":"Strona g\u0142\u00f3wna","item":"https:\/\/domartstyl.com\/en\/"},{"@type":"ListItem","position":2,"name":"Fabrics","item":"https:\/\/domartstyl.com\/en\/fabrics\/"},{"@type":"ListItem","position":3,"name":"Fabrics in price"}]},{"@type":"WebSite","@id":"https:\/\/domartstyl.com\/en\/#website","url":"https:\/\/domartstyl.com\/en\/","name":"DomArtStyl","description":"Tworzymy meble najwy\u017cszej jako\u015bci. Sprzeda\u017c detaliczna \u00b7 Sprzeda\u017c hurtowa","publisher":{"@id":"https:\/\/domartstyl.com\/en\/#organization"},"potentialAction":[{"@type":"SearchAction","target":{"@type":"EntryPoint","urlTemplate":"https:\/\/domartstyl.com\/en\/?s={search_term_string}"},"query-input":{"@type":"PropertyValueSpecification","valueRequired":true,"valueName":"search_term_string"}}],"inLanguage":"en-US"},{"@type":"Organization","@id":"https:\/\/domartstyl.com\/en\/#organization","name":"DomArtStyl","url":"https:\/\/domartstyl.com\/en\/","logo":{"@type":"ImageObject","inLanguage":"en-US","@id":"https:\/\/domartstyl.com\/en\/#\/schema\/logo\/image\/","url":"https:\/\/domartstyl.com\/wp-content\/uploads\/2018\/04\/Logo_300_width.png","contentUrl":"https:\/\/domartstyl.com\/wp-content\/uploads\/2018\/04\/Logo_300_width.png","width":300,"height":140,"caption":"DomArtStyl"},"image":{"@id":"https:\/\/domartstyl.com\/en\/#\/schema\/logo\/image\/"},"sameAs":["https:\/\/www.facebook.com\/DomArtStyl\/","https:\/\/x.com\/DomArtStyl_pl","https:\/\/www.instagram.com\/domartstyl\/?hl=en","https:\/\/pl.pinterest.com\/domartstyl01\/","https:\/\/www.youtube.com\/channel\/UCkISSgvMomI6yFFL3JDbLhw"]}]}},"_links":{"self":[{"href":"https:\/\/domartstyl.com\/en\/wp-json\/wp\/v2\/pages\/12923","targetHints":{"allow":["GET"]}}],"collection":[{"href":"https:\/\/domartstyl.com\/en\/wp-json\/wp\/v2\/pages"}],"about":[{"href":"https:\/\/domartstyl.com\/en\/wp-json\/wp\/v2\/types\/page"}],"author":[{"embeddable":true,"href":"https:\/\/domartstyl.com\/en\/wp-json\/wp\/v2\/users\/41"}],"replies":[{"embeddable":true,"href":"https:\/\/domartstyl.com\/en\/wp-json\/wp\/v2\/comments?post=12923"}],"version-history":[{"count":0,"href":"https:\/\/domartstyl.com\/en\/wp-json\/wp\/v2\/pages\/12923\/revisions"}],"up":[{"embeddable":true,"href":"https:\/\/domartstyl.com\/en\/wp-json\/wp\/v2\/pages\/3883"}],"wp:attachment":[{"href":"https:\/\/domartstyl.com\/en\/wp-json\/wp\/v2\/media?parent=12923"}],"curies":[{"name":"wp","href":"https:\/\/api.w.org\/{rel}","templated":true}]}}