{"id":12907,"date":"2018-06-20T11:38:49","date_gmt":"2018-06-20T10:38:49","guid":{"rendered":"https:\/\/domartstyl.com\/fabrics\/milton\/"},"modified":"2025-02-17T11:39:38","modified_gmt":"2025-02-17T10:39:38","slug":"milton","status":"publish","type":"page","link":"https:\/\/domartstyl.com\/en\/fabrics\/milton\/","title":{"rendered":"Milton (Fargotex)"},"content":{"rendered":"<div class=\"text-center mb-3\">\n\t<p>\n\t\tThe fabric provides enhanced fire safety, meeting BS 5852. <br>\n\t\tIt does not spread fire, and has no tendency to ignite on contact with a smouldering ignition source.\n\t<\/p>\n\t<a href=\"\/wp-content\/uploads\/tkaniny\/specyfikacja\/milton.pdf\" class=\"btn btn-primary\" target=\"_blank\" title=\"View Technical Specifications\">Technical Specifications<\/a>\n<\/div>\n<div class=\"row row-cols-2 row-cols-sm-3 row-cols-md-4 row-cols-lg-6 g-4 mt-0 mb-5\" id=\"lightgallery\">\n\t<div class=\"col text-center\">\n\t\t<a href=\"\/wp-content\/uploads\/tkaniny\/Milton\/Milton-1.webp\" class=\"lightgallery-item\" title=\"Milton 1\">\n\t\t\t<img decoding=\"async\" src=\"\/wp-content\/uploads\/tkaniny\/sm\/Milton\/Milton-1.webp\" loading=\"lazy\" alt=\"Milton 1\">\n\t\t<\/a>\n\t\t<span class=\"d-block p-3\">Milton 1<\/span>\n\t<\/div>\n\t<div class=\"col text-center\">\n\t\t<a href=\"\/wp-content\/uploads\/tkaniny\/Milton\/Milton-2.webp\" class=\"lightgallery-item\" title=\"Milton 2\">\n\t\t\t<img decoding=\"async\" src=\"\/wp-content\/uploads\/tkaniny\/sm\/Milton\/Milton-2.webp\" loading=\"lazy\" alt=\"Milton 2\">\n\t\t<\/a>\n\t\t<span class=\"d-block p-3\">Milton 2<\/span>\n\t<\/div>\n\t<div class=\"col text-center\">\n\t\t<a href=\"\/wp-content\/uploads\/tkaniny\/Milton\/Milton-3.webp\" class=\"lightgallery-item\" title=\"Milton 3\">\n\t\t\t<img decoding=\"async\" src=\"\/wp-content\/uploads\/tkaniny\/sm\/Milton\/Milton-3.webp\" loading=\"lazy\" alt=\"Milton 3\">\n\t\t<\/a>\n\t\t<span class=\"d-block p-3\">Milton 3<\/span>\n\t<\/div>\n\t<div class=\"col text-center\">\n\t\t<a href=\"\/wp-content\/uploads\/tkaniny\/Milton\/Milton-4.webp\" class=\"lightgallery-item\" title=\"Milton 4\">\n\t\t\t<img decoding=\"async\" src=\"\/wp-content\/uploads\/tkaniny\/sm\/Milton\/Milton-4.webp\" loading=\"lazy\" alt=\"Milton 4\">\n\t\t<\/a>\n\t\t<span class=\"d-block p-3\">Milton 4<\/span>\n\t<\/div>\n\t<div class=\"col text-center\">\n\t\t<a href=\"\/wp-content\/uploads\/tkaniny\/Milton\/Milton-5.webp\" class=\"lightgallery-item\" title=\"Milton 5\">\n\t\t\t<img decoding=\"async\" src=\"\/wp-content\/uploads\/tkaniny\/sm\/Milton\/Milton-5.webp\" loading=\"lazy\" alt=\"Milton 5\">\n\t\t<\/a>\n\t\t<span class=\"d-block p-3\">Milton 5<\/span>\n\t<\/div>\n\t<div class=\"col text-center\">\n\t\t<a href=\"\/wp-content\/uploads\/tkaniny\/Milton\/Milton-6.webp\" class=\"lightgallery-item\" title=\"Milton 6\">\n\t\t\t<img decoding=\"async\" src=\"\/wp-content\/uploads\/tkaniny\/sm\/Milton\/Milton-6.webp\" loading=\"lazy\" alt=\"Milton 6\">\n\t\t<\/a>\n\t\t<span class=\"d-block p-3\">Milton 6<\/span>\n\t<\/div>\n\t<div class=\"col text-center\">\n\t\t<a href=\"\/wp-content\/uploads\/tkaniny\/Milton\/Milton-7.webp\" class=\"lightgallery-item\" title=\"Milton 7\">\n\t\t\t<img decoding=\"async\" src=\"\/wp-content\/uploads\/tkaniny\/sm\/Milton\/Milton-7.webp\" loading=\"lazy\" alt=\"Milton 7\">\n\t\t<\/a>\n\t\t<span class=\"d-block p-3\">Milton 7<\/span>\n\t<\/div>\n\t<div class=\"col text-center\">\n\t\t<a href=\"\/wp-content\/uploads\/tkaniny\/Milton\/Milton-8.webp\" class=\"lightgallery-item\" title=\"Milton 8\">\n\t\t\t<img decoding=\"async\" src=\"\/wp-content\/uploads\/tkaniny\/sm\/Milton\/Milton-8.webp\" loading=\"lazy\" alt=\"Milton 8\">\n\t\t<\/a>\n\t\t<span class=\"d-block p-3\">Milton 8<\/span>\n\t<\/div>\n\t<div class=\"col text-center\">\n\t\t<a href=\"\/wp-content\/uploads\/tkaniny\/Milton\/Milton-9.webp\" class=\"lightgallery-item\" title=\"Milton 9\">\n\t\t\t<img decoding=\"async\" src=\"\/wp-content\/uploads\/tkaniny\/sm\/Milton\/Milton-9.webp\" loading=\"lazy\" alt=\"Milton 9\">\n\t\t<\/a>\n\t\t<span class=\"d-block p-3\">Milton 9<\/span>\n\t<\/div>\n\t<div class=\"col text-center\">\n\t\t<a href=\"\/wp-content\/uploads\/tkaniny\/Milton\/Milton-10.webp\" class=\"lightgallery-item\" title=\"Milton 10\">\n\t\t\t<img decoding=\"async\" src=\"\/wp-content\/uploads\/tkaniny\/sm\/Milton\/Milton-10.webp\" loading=\"lazy\" alt=\"Milton 10\">\n\t\t<\/a>\n\t\t<span class=\"d-block p-3\">Milton 10<\/span>\n\t<\/div>\n\t<div class=\"col text-center\">\n\t\t<a href=\"\/wp-content\/uploads\/tkaniny\/Milton\/Milton-11.webp\" class=\"lightgallery-item\" title=\"Milton 11\">\n\t\t\t<img decoding=\"async\" src=\"\/wp-content\/uploads\/tkaniny\/sm\/Milton\/Milton-11.webp\" loading=\"lazy\" alt=\"Milton 11\">\n\t\t<\/a>\n\t\t<span class=\"d-block p-3\">Milton 11<\/span>\n\t<\/div>\n\t<div class=\"col text-center\">\n\t\t<a href=\"\/wp-content\/uploads\/tkaniny\/Milton\/Milton-12.webp\" class=\"lightgallery-item\" title=\"Milton 12\">\n\t\t\t<img decoding=\"async\" src=\"\/wp-content\/uploads\/tkaniny\/sm\/Milton\/Milton-12.webp\" loading=\"lazy\" alt=\"Milton 12\">\n\t\t<\/a>\n\t\t<span class=\"d-block p-3\">Milton 12<\/span>\n\t<\/div>\n\t<div class=\"col text-center\">\n\t\t<a href=\"\/wp-content\/uploads\/tkaniny\/Milton\/Milton-13.webp\" class=\"lightgallery-item\" title=\"Milton 13\">\n\t\t\t<img decoding=\"async\" src=\"\/wp-content\/uploads\/tkaniny\/sm\/Milton\/Milton-13.webp\" loading=\"lazy\" alt=\"Milton 13\">\n\t\t<\/a>\n\t\t<span class=\"d-block p-13\">Milton 13<\/span>\n\t<\/div>\n\t<div class=\"col text-center\">\n\t\t<a href=\"\/wp-content\/uploads\/tkaniny\/Milton\/Milton-14.webp\" class=\"lightgallery-item\" title=\"Milton 14\">\n\t\t\t<img decoding=\"async\" src=\"\/wp-content\/uploads\/tkaniny\/sm\/Milton\/Milton-14.webp\" loading=\"lazy\" alt=\"Milton 14\">\n\t\t<\/a>\n\t\t<span class=\"d-block p-3\">Milton 14<\/span>\n\t<\/div>\n\t<div class=\"col text-center\">\n\t\t<a href=\"\/wp-content\/uploads\/tkaniny\/Milton\/Milton-15.webp\" class=\"lightgallery-item\" title=\"Milton 15\">\n\t\t\t<img decoding=\"async\" src=\"\/wp-content\/uploads\/tkaniny\/sm\/Milton\/Milton-15.webp\" loading=\"lazy\" alt=\"Milton 15\">\n\t\t<\/a>\n\t\t<span class=\"d-block p-3\">Milton 15<\/span>\n\t<\/div>\n\t<div class=\"col text-center\">\n\t\t<a href=\"\/wp-content\/uploads\/tkaniny\/Milton\/Milton-16.webp\" class=\"lightgallery-item\" title=\"Milton 16\">\n\t\t\t<img decoding=\"async\" src=\"\/wp-content\/uploads\/tkaniny\/sm\/Milton\/Milton-16.webp\" loading=\"lazy\" alt=\"Milton 16\">\n\t\t<\/a>\n\t\t<span class=\"d-block p-3\">Milton 16<\/span>\n\t<\/div>\n\t<div class=\"col text-center\">\n\t\t<a href=\"\/wp-content\/uploads\/tkaniny\/Milton\/Milton-17.webp\" class=\"lightgallery-item\" title=\"Milton 17\">\n\t\t\t<img decoding=\"async\" src=\"\/wp-content\/uploads\/tkaniny\/sm\/Milton\/Milton-17.webp\" loading=\"lazy\" alt=\"Milton 17\">\n\t\t<\/a>\n\t\t<span class=\"d-block p-3\">Milton 17<\/span>\n\t<\/div>\n\t<div class=\"col text-center\">\n\t\t<a href=\"\/wp-content\/uploads\/tkaniny\/Milton\/Milton-18.webp\" class=\"lightgallery-item\" title=\"Milton 18\">\n\t\t\t<img decoding=\"async\" src=\"\/wp-content\/uploads\/tkaniny\/sm\/Milton\/Milton-18.webp\" loading=\"lazy\" alt=\"Milton 18\">\n\t\t<\/a>\n\t\t<span class=\"d-block p-3\">Milton 18<\/span>\n\t<\/div>\n\t<div class=\"col text-center\">\n\t\t<a href=\"\/wp-content\/uploads\/tkaniny\/Milton\/Milton-19.webp\" class=\"lightgallery-item\" title=\"Milton 19\">\n\t\t\t<img decoding=\"async\" src=\"\/wp-content\/uploads\/tkaniny\/sm\/Milton\/Milton-19.webp\" loading=\"lazy\" alt=\"Milton 19\">\n\t\t<\/a>\n\t\t<span class=\"d-block p-3\">Milton 19<\/span>\n\t<\/div>\n\t<div class=\"col text-center\">\n\t\t<a href=\"\/wp-content\/uploads\/tkaniny\/Milton\/Milton-20.webp\" class=\"lightgallery-item\" title=\"Milton 20\">\n\t\t\t<img decoding=\"async\" src=\"\/wp-content\/uploads\/tkaniny\/sm\/Milton\/Milton-20.webp\" loading=\"lazy\" alt=\"Milton 20\">\n\t\t<\/a>\n\t\t<span class=\"d-block p-3\">Milton 20<\/span>\n\t<\/div>\n\t<div class=\"col text-center\">\n\t\t<a href=\"\/wp-content\/uploads\/tkaniny\/Milton\/Milton-21.webp\" class=\"lightgallery-item\" title=\"Milton 21\">\n\t\t\t<img decoding=\"async\" src=\"\/wp-content\/uploads\/tkaniny\/sm\/Milton\/Milton-21.webp\" loading=\"lazy\" alt=\"Milton 21\">\n\t\t<\/a>\n\t\t<span class=\"d-block p-3\">Milton 21<\/span>\n\t<\/div>\n\t<div class=\"col text-center\">\n\t\t<a href=\"\/wp-content\/uploads\/tkaniny\/Milton\/Milton-22.webp\" class=\"lightgallery-item\" title=\"Milton 22\">\n\t\t\t<img decoding=\"async\" src=\"\/wp-content\/uploads\/tkaniny\/sm\/Milton\/Milton-22.webp\" loading=\"lazy\" alt=\"Milton 22\">\n\t\t<\/a>\n\t\t<span class=\"d-block p-3\">Milton 22<\/span>\n\t<\/div>\n\t<div class=\"col text-center\">\n\t\t<a href=\"\/wp-content\/uploads\/tkaniny\/Milton\/Milton-23.webp\" class=\"lightgallery-item\" title=\"Milton 23\">\n\t\t\t<img decoding=\"async\" src=\"\/wp-content\/uploads\/tkaniny\/sm\/Milton\/Milton-23.webp\" loading=\"lazy\" alt=\"Milton 23\">\n\t\t<\/a>\n\t\t<span class=\"d-block p-3\">Milton 23<\/span>\n\t<\/div>\n\t<div class=\"col text-center\">\n\t\t<a href=\"\/wp-content\/uploads\/tkaniny\/Milton\/Milton-24.jpg\" class=\"lightgallery-item\" title=\"Milton 24\">\n\t\t\t<img decoding=\"async\" src=\"\/wp-content\/uploads\/tkaniny\/sm\/Milton\/Milton-24.jpg\" loading=\"lazy\" alt=\"Milton 24\">\n\t\t<\/a>\n\t\t<span class=\"d-block p-3\">Milton 24<\/span>\n\t<\/div>\n\t<div class=\"col text-center\">\n\t\t<a href=\"\/wp-content\/uploads\/tkaniny\/Milton\/Milton-25.jpg\" class=\"lightgallery-item\" title=\"Milton 25\">\n\t\t\t<img decoding=\"async\" src=\"\/wp-content\/uploads\/tkaniny\/sm\/Milton\/Milton-25.jpg\" loading=\"lazy\" alt=\"Milton 25\">\n\t\t<\/a>\n\t\t<span class=\"d-block p-3\">Milton 25<\/span>\n\t<\/div>\n\t<div class=\"col text-center\">\n\t\t<a href=\"\/wp-content\/uploads\/tkaniny\/Milton\/Milton-26.jpg\" class=\"lightgallery-item\" title=\"Milton 26\">\n\t\t\t<img decoding=\"async\" src=\"\/wp-content\/uploads\/tkaniny\/sm\/Milton\/Milton-26.jpg\" loading=\"lazy\" alt=\"Milton 26\">\n\t\t<\/a>\n\t\t<span class=\"d-block p-3\">Milton 26<\/span>\n\t<\/div>\n\t<div class=\"col text-center\">\n\t\t<a href=\"\/wp-content\/uploads\/tkaniny\/Milton\/Milton-27.jpg\" class=\"lightgallery-item\" title=\"Milton 27\">\n\t\t\t<img decoding=\"async\" src=\"\/wp-content\/uploads\/tkaniny\/sm\/Milton\/Milton-27.jpg\" loading=\"lazy\" alt=\"Milton 27\">\n\t\t<\/a>\n\t\t<span class=\"d-block p-3\">Milton 27<\/span>\n\t<\/div>\n\t<div class=\"col text-center\">\n\t\t<a href=\"\/wp-content\/uploads\/tkaniny\/Milton\/Milton-28.jpg\" class=\"lightgallery-item\" title=\"Milton 28\">\n\t\t\t<img decoding=\"async\" src=\"\/wp-content\/uploads\/tkaniny\/sm\/Milton\/Milton-28.jpg\" loading=\"lazy\" alt=\"Milton 28\">\n\t\t<\/a>\n\t\t<span class=\"d-block p-3\">Milton 28<\/span>\n\t<\/div>\n\t<div class=\"col text-center\">\n\t\t<a href=\"\/wp-content\/uploads\/tkaniny\/Milton\/Milton-29.jpg\" class=\"lightgallery-item\" title=\"Milton 29\">\n\t\t\t<img decoding=\"async\" src=\"\/wp-content\/uploads\/tkaniny\/sm\/Milton\/Milton-29.jpg\" loading=\"lazy\" alt=\"Milton 29\">\n\t\t<\/a>\n\t\t<span class=\"d-block p-3\">Milton 29<\/span>\n\t<\/div>\n\t<div class=\"col text-center\">\n\t\t<a href=\"\/wp-content\/uploads\/tkaniny\/Milton\/Milton-30.jpg\" class=\"lightgallery-item\" title=\"Milton 30\">\n\t\t\t<img decoding=\"async\" src=\"\/wp-content\/uploads\/tkaniny\/sm\/Milton\/Milton-30.jpg\" loading=\"lazy\" alt=\"Milton 30\">\n\t\t<\/a>\n\t\t<span class=\"d-block p-3\">Milton 30<\/span>\n\t<\/div>\n\t<div class=\"col text-center\">\n\t\t<a href=\"\/wp-content\/uploads\/tkaniny\/Milton\/Milton-31.jpg\" class=\"lightgallery-item\" title=\"Milton 31\">\n\t\t\t<img decoding=\"async\" src=\"\/wp-content\/uploads\/tkaniny\/sm\/Milton\/Milton-31.jpg\" loading=\"lazy\" alt=\"Milton 31\">\n\t\t<\/a>\n\t\t<span class=\"d-block p-3\">Milton 31<\/span>\n\t<\/div>\n\t<div class=\"col text-center\">\n\t\t<a href=\"\/wp-content\/uploads\/tkaniny\/Milton\/Milton-32.jpg\" class=\"lightgallery-item\" title=\"Milton 32\">\n\t\t\t<img decoding=\"async\" src=\"\/wp-content\/uploads\/tkaniny\/sm\/Milton\/Milton-32.jpg\" loading=\"lazy\" alt=\"Milton 32\">\n\t\t<\/a>\n\t\t<span class=\"d-block p-3\">Milton 32<\/span>\n\t<\/div>\n\t<div class=\"col text-center\">\n\t\t<a href=\"\/wp-content\/uploads\/tkaniny\/Milton\/Milton-33.jpg\" class=\"lightgallery-item\" title=\"Milton 33\">\n\t\t\t<img decoding=\"async\" src=\"\/wp-content\/uploads\/tkaniny\/sm\/Milton\/Milton-33.jpg\" loading=\"lazy\" alt=\"Milton 33\">\n\t\t<\/a>\n\t\t<span class=\"d-block p-3\">Milton 33<\/span>\n\t<\/div>\n<\/div>","protected":false},"excerpt":{"rendered":"<p>The fabric provides enhanced fire safety, meeting BS 5852. It does not spread fire, and has no tendency to ignite [&hellip;]<\/p>\n","protected":false},"author":41,"featured_media":0,"parent":3883,"menu_order":0,"comment_status":"closed","ping_status":"closed","template":"page-gallery.php","meta":{"footnotes":""},"class_list":["post-12907","page","type-page","status-publish","hentry"],"yoast_head":"<!-- This site is optimized with the Yoast SEO Premium plugin v25.0 (Yoast SEO v25.0) - https:\/\/yoast.com\/wordpress\/plugins\/seo\/ -->\n<title>Milton (Fargotex) - DomArtStyl<\/title>\n<meta name=\"robots\" content=\"index, follow, max-snippet:-1, max-image-preview:large, max-video-preview:-1\" \/>\n<link rel=\"canonical\" href=\"https:\/\/domartstyl.com\/en\/fabrics\/milton\/\" \/>\n<meta property=\"og:locale\" content=\"en_US\" \/>\n<meta property=\"og:type\" content=\"article\" \/>\n<meta property=\"og:title\" content=\"Milton (Fargotex)\" \/>\n<meta property=\"og:description\" content=\"The fabric provides enhanced fire safety, meeting BS 5852. It does not spread fire, and has no tendency to ignite [&hellip;]\" \/>\n<meta property=\"og:url\" content=\"https:\/\/domartstyl.com\/en\/fabrics\/milton\/\" \/>\n<meta property=\"og:site_name\" content=\"DomArtStyl\" \/>\n<meta property=\"article:publisher\" content=\"https:\/\/www.facebook.com\/DomArtStyl\/\" \/>\n<meta property=\"article:modified_time\" content=\"2025-02-17T10:39:38+00:00\" \/>\n<meta property=\"og:image\" content=\"https:\/\/domartstyl.com\/wp-content\/uploads\/2021\/06\/logo_meta_og.jpg\" \/>\n\t<meta property=\"og:image:width\" content=\"800\" \/>\n\t<meta property=\"og:image:height\" content=\"800\" \/>\n\t<meta property=\"og:image:type\" content=\"image\/jpeg\" \/>\n<meta name=\"twitter:card\" content=\"summary_large_image\" \/>\n<meta name=\"twitter:site\" content=\"@DomArtStyl_pl\" \/>\n<meta name=\"twitter:label1\" content=\"Est. reading time\" \/>\n\t<meta name=\"twitter:data1\" content=\"8 minutes\" \/>\n<script type=\"application\/ld+json\" class=\"yoast-schema-graph\">{\"@context\":\"https:\/\/schema.org\",\"@graph\":[{\"@type\":\"WebPage\",\"@id\":\"https:\/\/domartstyl.com\/en\/fabrics\/milton\/\",\"url\":\"https:\/\/domartstyl.com\/en\/fabrics\/milton\/\",\"name\":\"Milton (Fargotex) - DomArtStyl\",\"isPartOf\":{\"@id\":\"https:\/\/domartstyl.com\/en\/#website\"},\"datePublished\":\"2018-06-20T10:38:49+00:00\",\"dateModified\":\"2025-02-17T10:39:38+00:00\",\"breadcrumb\":{\"@id\":\"https:\/\/domartstyl.com\/en\/fabrics\/milton\/#breadcrumb\"},\"inLanguage\":\"en-US\",\"potentialAction\":[{\"@type\":\"ReadAction\",\"target\":[\"https:\/\/domartstyl.com\/en\/fabrics\/milton\/\"]}]},{\"@type\":\"BreadcrumbList\",\"@id\":\"https:\/\/domartstyl.com\/en\/fabrics\/milton\/#breadcrumb\",\"itemListElement\":[{\"@type\":\"ListItem\",\"position\":1,\"name\":\"Strona g\u0142\u00f3wna\",\"item\":\"https:\/\/domartstyl.com\/en\/\"},{\"@type\":\"ListItem\",\"position\":2,\"name\":\"Fabrics\",\"item\":\"https:\/\/domartstyl.com\/en\/fabrics\/\"},{\"@type\":\"ListItem\",\"position\":3,\"name\":\"Milton (Fargotex)\"}]},{\"@type\":\"WebSite\",\"@id\":\"https:\/\/domartstyl.com\/en\/#website\",\"url\":\"https:\/\/domartstyl.com\/en\/\",\"name\":\"DomArtStyl\",\"description\":\"Tworzymy meble najwy\u017cszej jako\u015bci. Sprzeda\u017c detaliczna \u00b7 Sprzeda\u017c hurtowa\",\"publisher\":{\"@id\":\"https:\/\/domartstyl.com\/en\/#organization\"},\"potentialAction\":[{\"@type\":\"SearchAction\",\"target\":{\"@type\":\"EntryPoint\",\"urlTemplate\":\"https:\/\/domartstyl.com\/en\/?s={search_term_string}\"},\"query-input\":{\"@type\":\"PropertyValueSpecification\",\"valueRequired\":true,\"valueName\":\"search_term_string\"}}],\"inLanguage\":\"en-US\"},{\"@type\":\"Organization\",\"@id\":\"https:\/\/domartstyl.com\/en\/#organization\",\"name\":\"DomArtStyl\",\"url\":\"https:\/\/domartstyl.com\/en\/\",\"logo\":{\"@type\":\"ImageObject\",\"inLanguage\":\"en-US\",\"@id\":\"https:\/\/domartstyl.com\/en\/#\/schema\/logo\/image\/\",\"url\":\"https:\/\/domartstyl.com\/wp-content\/uploads\/2018\/04\/Logo_300_width.png\",\"contentUrl\":\"https:\/\/domartstyl.com\/wp-content\/uploads\/2018\/04\/Logo_300_width.png\",\"width\":300,\"height\":140,\"caption\":\"DomArtStyl\"},\"image\":{\"@id\":\"https:\/\/domartstyl.com\/en\/#\/schema\/logo\/image\/\"},\"sameAs\":[\"https:\/\/www.facebook.com\/DomArtStyl\/\",\"https:\/\/x.com\/DomArtStyl_pl\",\"https:\/\/www.instagram.com\/domartstyl\/?hl=en\",\"https:\/\/pl.pinterest.com\/domartstyl01\/\",\"https:\/\/www.youtube.com\/channel\/UCkISSgvMomI6yFFL3JDbLhw\"]}]}<\/script>\n<!-- \/ Yoast SEO Premium plugin. -->","yoast_head_json":{"title":"Milton (Fargotex) - DomArtStyl","robots":{"index":"index","follow":"follow","max-snippet":"max-snippet:-1","max-image-preview":"max-image-preview:large","max-video-preview":"max-video-preview:-1"},"canonical":"https:\/\/domartstyl.com\/en\/fabrics\/milton\/","og_locale":"en_US","og_type":"article","og_title":"Milton (Fargotex)","og_description":"The fabric provides enhanced fire safety, meeting BS 5852. It does not spread fire, and has no tendency to ignite [&hellip;]","og_url":"https:\/\/domartstyl.com\/en\/fabrics\/milton\/","og_site_name":"DomArtStyl","article_publisher":"https:\/\/www.facebook.com\/DomArtStyl\/","article_modified_time":"2025-02-17T10:39:38+00:00","og_image":[{"width":800,"height":800,"url":"https:\/\/domartstyl.com\/wp-content\/uploads\/2021\/06\/logo_meta_og.jpg","type":"image\/jpeg"}],"twitter_card":"summary_large_image","twitter_site":"@DomArtStyl_pl","twitter_misc":{"Est. reading time":"8 minutes"},"schema":{"@context":"https:\/\/schema.org","@graph":[{"@type":"WebPage","@id":"https:\/\/domartstyl.com\/en\/fabrics\/milton\/","url":"https:\/\/domartstyl.com\/en\/fabrics\/milton\/","name":"Milton (Fargotex) - DomArtStyl","isPartOf":{"@id":"https:\/\/domartstyl.com\/en\/#website"},"datePublished":"2018-06-20T10:38:49+00:00","dateModified":"2025-02-17T10:39:38+00:00","breadcrumb":{"@id":"https:\/\/domartstyl.com\/en\/fabrics\/milton\/#breadcrumb"},"inLanguage":"en-US","potentialAction":[{"@type":"ReadAction","target":["https:\/\/domartstyl.com\/en\/fabrics\/milton\/"]}]},{"@type":"BreadcrumbList","@id":"https:\/\/domartstyl.com\/en\/fabrics\/milton\/#breadcrumb","itemListElement":[{"@type":"ListItem","position":1,"name":"Strona g\u0142\u00f3wna","item":"https:\/\/domartstyl.com\/en\/"},{"@type":"ListItem","position":2,"name":"Fabrics","item":"https:\/\/domartstyl.com\/en\/fabrics\/"},{"@type":"ListItem","position":3,"name":"Milton (Fargotex)"}]},{"@type":"WebSite","@id":"https:\/\/domartstyl.com\/en\/#website","url":"https:\/\/domartstyl.com\/en\/","name":"DomArtStyl","description":"Tworzymy meble najwy\u017cszej jako\u015bci. Sprzeda\u017c detaliczna \u00b7 Sprzeda\u017c hurtowa","publisher":{"@id":"https:\/\/domartstyl.com\/en\/#organization"},"potentialAction":[{"@type":"SearchAction","target":{"@type":"EntryPoint","urlTemplate":"https:\/\/domartstyl.com\/en\/?s={search_term_string}"},"query-input":{"@type":"PropertyValueSpecification","valueRequired":true,"valueName":"search_term_string"}}],"inLanguage":"en-US"},{"@type":"Organization","@id":"https:\/\/domartstyl.com\/en\/#organization","name":"DomArtStyl","url":"https:\/\/domartstyl.com\/en\/","logo":{"@type":"ImageObject","inLanguage":"en-US","@id":"https:\/\/domartstyl.com\/en\/#\/schema\/logo\/image\/","url":"https:\/\/domartstyl.com\/wp-content\/uploads\/2018\/04\/Logo_300_width.png","contentUrl":"https:\/\/domartstyl.com\/wp-content\/uploads\/2018\/04\/Logo_300_width.png","width":300,"height":140,"caption":"DomArtStyl"},"image":{"@id":"https:\/\/domartstyl.com\/en\/#\/schema\/logo\/image\/"},"sameAs":["https:\/\/www.facebook.com\/DomArtStyl\/","https:\/\/x.com\/DomArtStyl_pl","https:\/\/www.instagram.com\/domartstyl\/?hl=en","https:\/\/pl.pinterest.com\/domartstyl01\/","https:\/\/www.youtube.com\/channel\/UCkISSgvMomI6yFFL3JDbLhw"]}]}},"_links":{"self":[{"href":"https:\/\/domartstyl.com\/en\/wp-json\/wp\/v2\/pages\/12907","targetHints":{"allow":["GET"]}}],"collection":[{"href":"https:\/\/domartstyl.com\/en\/wp-json\/wp\/v2\/pages"}],"about":[{"href":"https:\/\/domartstyl.com\/en\/wp-json\/wp\/v2\/types\/page"}],"author":[{"embeddable":true,"href":"https:\/\/domartstyl.com\/en\/wp-json\/wp\/v2\/users\/41"}],"replies":[{"embeddable":true,"href":"https:\/\/domartstyl.com\/en\/wp-json\/wp\/v2\/comments?post=12907"}],"version-history":[{"count":0,"href":"https:\/\/domartstyl.com\/en\/wp-json\/wp\/v2\/pages\/12907\/revisions"}],"up":[{"embeddable":true,"href":"https:\/\/domartstyl.com\/en\/wp-json\/wp\/v2\/pages\/3883"}],"wp:attachment":[{"href":"https:\/\/domartstyl.com\/en\/wp-json\/wp\/v2\/media?parent=12907"}],"curies":[{"name":"wp","href":"https:\/\/api.w.org\/{rel}","templated":true}]}}