{"id":12903,"date":"2018-06-20T10:56:03","date_gmt":"2018-06-20T09:56:03","guid":{"rendered":"https:\/\/domartstyl.com\/fabrics\/fuego\/"},"modified":"2025-02-17T11:42:56","modified_gmt":"2025-02-17T10:42:56","slug":"fuego","status":"publish","type":"page","link":"https:\/\/domartstyl.com\/en\/fabrics\/fuego\/","title":{"rendered":"Fuego (Fibero)"},"content":{"rendered":"<div class=\"text-center mb-3\">\n\t<p>\n\t\tThe fabric provides enhanced fire safety, meeting BS 5852. <br>\n\t\tIt does not spread fire, and has no tendency to ignite on contact with a smouldering ignition source.\n\t<\/p>\n\t<a href=\"\/wp-content\/uploads\/tkaniny\/specyfikacja\/fuego.pdf\" class=\"btn btn-primary\" target=\"_blank\" title=\"View Technical Specifications\">Technical Specifications<\/a>\n<\/div>\n<div class=\"row row-cols-2 row-cols-sm-3 row-cols-md-4 row-cols-lg-6 g-4 mt-0 mb-5\" id=\"lightgallery\">\n\t<div class=\"col text-center\">\n\t\t<a href=\"\/wp-content\/uploads\/tkaniny\/Fuego\/Fuego-150.webp\" class=\"lightgallery-item\" title=\"Fuego 150\">\n\t\t\t<img decoding=\"async\" src=\"\/wp-content\/uploads\/tkaniny\/sm\/Fuego\/Fuego-150.webp\" loading=\"lazy\" alt=\"Fuego 150\">\n\t\t<\/a>\n\t\t<span class=\"d-block p-3\">Fuego 150<\/span>\n\t<\/div>\n\t<div class=\"col text-center\">\n\t\t<a href=\"\/wp-content\/uploads\/tkaniny\/Fuego\/Fuego-151.webp\" class=\"lightgallery-item\" title=\"Fuego 151\">\n\t\t\t<img decoding=\"async\" src=\"\/wp-content\/uploads\/tkaniny\/sm\/Fuego\/Fuego-151.webp\" loading=\"lazy\" alt=\"Fuego 151\">\n\t\t<\/a>\n\t\t<span class=\"d-block p-3\">Fuego 151<\/span>\n\t<\/div>\n\t<div class=\"col text-center\">\n\t\t<a href=\"\/wp-content\/uploads\/tkaniny\/Fuego\/Fuego-152.webp\" class=\"lightgallery-item\" title=\"Fuego 152\">\n\t\t\t<img decoding=\"async\" src=\"\/wp-content\/uploads\/tkaniny\/sm\/Fuego\/Fuego-152.webp\" loading=\"lazy\" alt=\"Fuego 152\">\n\t\t<\/a>\n\t\t<span class=\"d-block p-3\">Fuego 152<\/span>\n\t<\/div>\n\t<div class=\"col text-center\">\n\t\t<a href=\"\/wp-content\/uploads\/tkaniny\/Fuego\/Fuego-153.webp\" class=\"lightgallery-item\" title=\"Fuego 153\">\n\t\t\t<img decoding=\"async\" src=\"\/wp-content\/uploads\/tkaniny\/sm\/Fuego\/Fuego-153.webp\" loading=\"lazy\" alt=\"Fuego 153\">\n\t\t<\/a>\n\t\t<span class=\"d-block p-3\">Fuego 153<\/span>\n\t<\/div>\n\t<div class=\"col text-center\">\n\t\t<a href=\"\/wp-content\/uploads\/tkaniny\/Fuego\/Fuego-154.webp\" class=\"lightgallery-item\" title=\"Fuego 154\">\n\t\t\t<img decoding=\"async\" src=\"\/wp-content\/uploads\/tkaniny\/sm\/Fuego\/Fuego-154.webp\" loading=\"lazy\" alt=\"Fuego 154\">\n\t\t<\/a>\n\t\t<span class=\"d-block p-3\">Fuego 154<\/span>\n\t<\/div>\n\t<div class=\"col text-center\">\n\t\t<a href=\"\/wp-content\/uploads\/tkaniny\/Fuego\/Fuego-155.webp\" class=\"lightgallery-item\" title=\"Fuego 155\">\n\t\t\t<img decoding=\"async\" src=\"\/wp-content\/uploads\/tkaniny\/sm\/Fuego\/Fuego-155.webp\" loading=\"lazy\" alt=\"Fuego 155\">\n\t\t<\/a>\n\t\t<span class=\"d-block p-3\">Fuego 155<\/span>\n\t<\/div>\n\t<div class=\"col text-center\">\n\t\t<a href=\"\/wp-content\/uploads\/tkaniny\/Fuego\/Fuego-156.webp\" class=\"lightgallery-item\" title=\"Fuego 156\">\n\t\t\t<img decoding=\"async\" src=\"\/wp-content\/uploads\/tkaniny\/sm\/Fuego\/Fuego-156.webp\" loading=\"lazy\" alt=\"Fuego 156\">\n\t\t<\/a>\n\t\t<span class=\"d-block p-3\">Fuego 156<\/span>\n\t<\/div>\n\t<div class=\"col text-center\">\n\t\t<a href=\"\/wp-content\/uploads\/tkaniny\/Fuego\/Fuego-157.webp\" class=\"lightgallery-item\" title=\"Fuego 157\">\n\t\t\t<img decoding=\"async\" src=\"\/wp-content\/uploads\/tkaniny\/sm\/Fuego\/Fuego-157.webp\" loading=\"lazy\" alt=\"Fuego 157\">\n\t\t<\/a>\n\t\t<span class=\"d-block p-3\">Fuego 157<\/span>\n\t<\/div>\n\t<div class=\"col text-center\">\n\t\t<a href=\"\/wp-content\/uploads\/tkaniny\/Fuego\/Fuego-158.webp\" class=\"lightgallery-item\" title=\"Fuego 158\">\n\t\t\t<img decoding=\"async\" src=\"\/wp-content\/uploads\/tkaniny\/sm\/Fuego\/Fuego-158.webp\" loading=\"lazy\" alt=\"Fuego 158\">\n\t\t<\/a>\n\t\t<span class=\"d-block p-3\">Fuego 158<\/span>\n\t<\/div>\n\t<div class=\"col text-center\">\n\t\t<a href=\"\/wp-content\/uploads\/tkaniny\/Fuego\/Fuego-159.webp\" class=\"lightgallery-item\" title=\"Fuego 159\">\n\t\t\t<img decoding=\"async\" src=\"\/wp-content\/uploads\/tkaniny\/sm\/Fuego\/Fuego-159.webp\" loading=\"lazy\" alt=\"Fuego 159\">\n\t\t<\/a>\n\t\t<span class=\"d-block p-3\">Fuego 159<\/span>\n\t<\/div>\n\t<div class=\"col text-center\">\n\t\t<a href=\"\/wp-content\/uploads\/tkaniny\/Fuego\/Fuego-160.webp\" class=\"lightgallery-item\" title=\"Fuego 160\">\n\t\t\t<img decoding=\"async\" src=\"\/wp-content\/uploads\/tkaniny\/sm\/Fuego\/Fuego-160.webp\" loading=\"lazy\" alt=\"Fuego 160\">\n\t\t<\/a>\n\t\t<span class=\"d-block p-3\">Fuego 160<\/span>\n\t<\/div>\n\t<div class=\"col text-center\">\n\t\t<a href=\"\/wp-content\/uploads\/tkaniny\/Fuego\/Fuego-161.webp\" class=\"lightgallery-item\" title=\"Fuego 161\">\n\t\t\t<img decoding=\"async\" src=\"\/wp-content\/uploads\/tkaniny\/sm\/Fuego\/Fuego-161.webp\" loading=\"lazy\" alt=\"Fuego 161\">\n\t\t<\/a>\n\t\t<span class=\"d-block p-3\">Fuego 161<\/span>\n\t<\/div>\n\t<div class=\"col text-center\">\n\t\t<a href=\"\/wp-content\/uploads\/tkaniny\/Fuego\/Fuego-162.webp\" class=\"lightgallery-item\" title=\"Fuego 162\">\n\t\t\t<img decoding=\"async\" src=\"\/wp-content\/uploads\/tkaniny\/sm\/Fuego\/Fuego-162.webp\" loading=\"lazy\" alt=\"Fuego 162\">\n\t\t<\/a>\n\t\t<span class=\"d-block p-3\">Fuego 162<\/span>\n\t<\/div>\n\t<div class=\"col text-center\">\n\t\t<a href=\"\/wp-content\/uploads\/tkaniny\/Fuego\/Fuego-163.webp\" class=\"lightgallery-item\" title=\"Fuego 163\">\n\t\t\t<img decoding=\"async\" src=\"\/wp-content\/uploads\/tkaniny\/sm\/Fuego\/Fuego-163.webp\" loading=\"lazy\" alt=\"Fuego 163\">\n\t\t<\/a>\n\t\t<span class=\"d-block p-3\">Fuego 163<\/span>\n\t<\/div>\n\t<div class=\"col text-center\">\n\t\t<a href=\"\/wp-content\/uploads\/tkaniny\/Fuego\/Fuego-164.webp\" class=\"lightgallery-item\" title=\"Fuego 164\">\n\t\t\t<img decoding=\"async\" src=\"\/wp-content\/uploads\/tkaniny\/sm\/Fuego\/Fuego-164.webp\" loading=\"lazy\" alt=\"Fuego 164\">\n\t\t<\/a>\n\t\t<span class=\"d-block p-3\">Fuego 164<\/span>\n\t<\/div>\n\t<div class=\"col text-center\">\n\t\t<a href=\"\/wp-content\/uploads\/tkaniny\/Fuego\/Fuego-165.webp\" class=\"lightgallery-item\" title=\"Fuego 165\">\n\t\t\t<img decoding=\"async\" src=\"\/wp-content\/uploads\/tkaniny\/sm\/Fuego\/Fuego-165.webp\" loading=\"lazy\" alt=\"Fuego 165\">\n\t\t<\/a>\n\t\t<span class=\"d-block p-3\">Fuego 165<\/span>\n\t<\/div>\n\t<div class=\"col text-center\">\n\t\t<a href=\"\/wp-content\/uploads\/tkaniny\/Fuego\/Fuego-166.webp\" class=\"lightgallery-item\" title=\"Fuego 166\">\n\t\t\t<img decoding=\"async\" src=\"\/wp-content\/uploads\/tkaniny\/sm\/Fuego\/Fuego-166.webp\" loading=\"lazy\" alt=\"Fuego 166\">\n\t\t<\/a>\n\t\t<span class=\"d-block p-3\">Fuego 166<\/span>\n\t<\/div>\n\t<div class=\"col text-center\">\n\t\t<a href=\"\/wp-content\/uploads\/tkaniny\/Fuego\/Fuego-167.webp\" class=\"lightgallery-item\" title=\"Fuego 167\">\n\t\t\t<img decoding=\"async\" src=\"\/wp-content\/uploads\/tkaniny\/sm\/Fuego\/Fuego-167.webp\" loading=\"lazy\" alt=\"Fuego 167\">\n\t\t<\/a>\n\t\t<span class=\"d-block p-3\">Fuego 167<\/span>\n\t<\/div>\n\t<div class=\"col text-center\">\n\t\t<a href=\"\/wp-content\/uploads\/tkaniny\/Fuego\/Fuego-168.webp\" class=\"lightgallery-item\" title=\"Fuego 168\">\n\t\t\t<img decoding=\"async\" src=\"\/wp-content\/uploads\/tkaniny\/sm\/Fuego\/Fuego-168.webp\" loading=\"lazy\" alt=\"Fuego 168\">\n\t\t<\/a>\n\t\t<span class=\"d-block p-3\">Fuego 168<\/span>\n\t<\/div>\n\t<div class=\"col text-center\">\n\t\t<a href=\"\/wp-content\/uploads\/tkaniny\/Fuego\/Fuego-169.webp\" class=\"lightgallery-item\" title=\"Fuego 169\">\n\t\t\t<img decoding=\"async\" src=\"\/wp-content\/uploads\/tkaniny\/sm\/Fuego\/Fuego-169.webp\" loading=\"lazy\" alt=\"Fuego 169\">\n\t\t<\/a>\n\t\t<span class=\"d-block p-3\">Fuego 169<\/span>\n\t<\/div>\n\t<div class=\"col text-center\">\n\t\t<a href=\"\/wp-content\/uploads\/tkaniny\/Fuego\/Fuego-170.webp\" class=\"lightgallery-item\" title=\"Fuego 170\">\n\t\t\t<img decoding=\"async\" src=\"\/wp-content\/uploads\/tkaniny\/sm\/Fuego\/Fuego-170.webp\" loading=\"lazy\" alt=\"Fuego 170\">\n\t\t<\/a>\n\t\t<span class=\"d-block p-3\">Fuego 170<\/span>\n\t<\/div>\n<\/div>","protected":false},"excerpt":{"rendered":"<p>The fabric provides enhanced fire safety, meeting BS 5852. It does not spread fire, and has no tendency to ignite [&hellip;]<\/p>\n","protected":false},"author":41,"featured_media":0,"parent":3883,"menu_order":0,"comment_status":"closed","ping_status":"closed","template":"page-gallery.php","meta":{"footnotes":""},"class_list":["post-12903","page","type-page","status-publish","hentry"],"yoast_head":"<!-- This site is optimized with the Yoast SEO Premium plugin v25.0 (Yoast SEO v25.0) - https:\/\/yoast.com\/wordpress\/plugins\/seo\/ -->\n<title>Fuego (Fibero) - DomArtStyl<\/title>\n<meta name=\"robots\" content=\"index, follow, max-snippet:-1, max-image-preview:large, max-video-preview:-1\" \/>\n<link rel=\"canonical\" href=\"https:\/\/domartstyl.com\/en\/fabrics\/fuego\/\" \/>\n<meta property=\"og:locale\" content=\"en_US\" \/>\n<meta property=\"og:type\" content=\"article\" \/>\n<meta property=\"og:title\" content=\"Fuego (Fibero)\" \/>\n<meta property=\"og:description\" content=\"The fabric provides enhanced fire safety, meeting BS 5852. It does not spread fire, and has no tendency to ignite [&hellip;]\" \/>\n<meta property=\"og:url\" content=\"https:\/\/domartstyl.com\/en\/fabrics\/fuego\/\" \/>\n<meta property=\"og:site_name\" content=\"DomArtStyl\" \/>\n<meta property=\"article:publisher\" content=\"https:\/\/www.facebook.com\/DomArtStyl\/\" \/>\n<meta property=\"article:modified_time\" content=\"2025-02-17T10:42:56+00:00\" \/>\n<meta property=\"og:image\" content=\"https:\/\/domartstyl.com\/wp-content\/uploads\/2021\/06\/logo_meta_og.jpg\" \/>\n\t<meta property=\"og:image:width\" content=\"800\" \/>\n\t<meta property=\"og:image:height\" content=\"800\" \/>\n\t<meta property=\"og:image:type\" content=\"image\/jpeg\" \/>\n<meta name=\"twitter:card\" content=\"summary_large_image\" \/>\n<meta name=\"twitter:site\" content=\"@DomArtStyl_pl\" \/>\n<meta name=\"twitter:label1\" content=\"Est. reading time\" \/>\n\t<meta name=\"twitter:data1\" content=\"5 minutes\" \/>\n<script type=\"application\/ld+json\" class=\"yoast-schema-graph\">{\"@context\":\"https:\/\/schema.org\",\"@graph\":[{\"@type\":\"WebPage\",\"@id\":\"https:\/\/domartstyl.com\/en\/fabrics\/fuego\/\",\"url\":\"https:\/\/domartstyl.com\/en\/fabrics\/fuego\/\",\"name\":\"Fuego (Fibero) - DomArtStyl\",\"isPartOf\":{\"@id\":\"https:\/\/domartstyl.com\/en\/#website\"},\"datePublished\":\"2018-06-20T09:56:03+00:00\",\"dateModified\":\"2025-02-17T10:42:56+00:00\",\"breadcrumb\":{\"@id\":\"https:\/\/domartstyl.com\/en\/fabrics\/fuego\/#breadcrumb\"},\"inLanguage\":\"en-US\",\"potentialAction\":[{\"@type\":\"ReadAction\",\"target\":[\"https:\/\/domartstyl.com\/en\/fabrics\/fuego\/\"]}]},{\"@type\":\"BreadcrumbList\",\"@id\":\"https:\/\/domartstyl.com\/en\/fabrics\/fuego\/#breadcrumb\",\"itemListElement\":[{\"@type\":\"ListItem\",\"position\":1,\"name\":\"Strona g\u0142\u00f3wna\",\"item\":\"https:\/\/domartstyl.com\/en\/\"},{\"@type\":\"ListItem\",\"position\":2,\"name\":\"Fabrics\",\"item\":\"https:\/\/domartstyl.com\/en\/fabrics\/\"},{\"@type\":\"ListItem\",\"position\":3,\"name\":\"Fuego (Fibero)\"}]},{\"@type\":\"WebSite\",\"@id\":\"https:\/\/domartstyl.com\/en\/#website\",\"url\":\"https:\/\/domartstyl.com\/en\/\",\"name\":\"DomArtStyl\",\"description\":\"Tworzymy meble najwy\u017cszej jako\u015bci. Sprzeda\u017c detaliczna \u00b7 Sprzeda\u017c hurtowa\",\"publisher\":{\"@id\":\"https:\/\/domartstyl.com\/en\/#organization\"},\"potentialAction\":[{\"@type\":\"SearchAction\",\"target\":{\"@type\":\"EntryPoint\",\"urlTemplate\":\"https:\/\/domartstyl.com\/en\/?s={search_term_string}\"},\"query-input\":{\"@type\":\"PropertyValueSpecification\",\"valueRequired\":true,\"valueName\":\"search_term_string\"}}],\"inLanguage\":\"en-US\"},{\"@type\":\"Organization\",\"@id\":\"https:\/\/domartstyl.com\/en\/#organization\",\"name\":\"DomArtStyl\",\"url\":\"https:\/\/domartstyl.com\/en\/\",\"logo\":{\"@type\":\"ImageObject\",\"inLanguage\":\"en-US\",\"@id\":\"https:\/\/domartstyl.com\/en\/#\/schema\/logo\/image\/\",\"url\":\"https:\/\/domartstyl.com\/wp-content\/uploads\/2018\/04\/Logo_300_width.png\",\"contentUrl\":\"https:\/\/domartstyl.com\/wp-content\/uploads\/2018\/04\/Logo_300_width.png\",\"width\":300,\"height\":140,\"caption\":\"DomArtStyl\"},\"image\":{\"@id\":\"https:\/\/domartstyl.com\/en\/#\/schema\/logo\/image\/\"},\"sameAs\":[\"https:\/\/www.facebook.com\/DomArtStyl\/\",\"https:\/\/x.com\/DomArtStyl_pl\",\"https:\/\/www.instagram.com\/domartstyl\/?hl=en\",\"https:\/\/pl.pinterest.com\/domartstyl01\/\",\"https:\/\/www.youtube.com\/channel\/UCkISSgvMomI6yFFL3JDbLhw\"]}]}<\/script>\n<!-- \/ Yoast SEO Premium plugin. -->","yoast_head_json":{"title":"Fuego (Fibero) - DomArtStyl","robots":{"index":"index","follow":"follow","max-snippet":"max-snippet:-1","max-image-preview":"max-image-preview:large","max-video-preview":"max-video-preview:-1"},"canonical":"https:\/\/domartstyl.com\/en\/fabrics\/fuego\/","og_locale":"en_US","og_type":"article","og_title":"Fuego (Fibero)","og_description":"The fabric provides enhanced fire safety, meeting BS 5852. It does not spread fire, and has no tendency to ignite [&hellip;]","og_url":"https:\/\/domartstyl.com\/en\/fabrics\/fuego\/","og_site_name":"DomArtStyl","article_publisher":"https:\/\/www.facebook.com\/DomArtStyl\/","article_modified_time":"2025-02-17T10:42:56+00:00","og_image":[{"width":800,"height":800,"url":"https:\/\/domartstyl.com\/wp-content\/uploads\/2021\/06\/logo_meta_og.jpg","type":"image\/jpeg"}],"twitter_card":"summary_large_image","twitter_site":"@DomArtStyl_pl","twitter_misc":{"Est. reading time":"5 minutes"},"schema":{"@context":"https:\/\/schema.org","@graph":[{"@type":"WebPage","@id":"https:\/\/domartstyl.com\/en\/fabrics\/fuego\/","url":"https:\/\/domartstyl.com\/en\/fabrics\/fuego\/","name":"Fuego (Fibero) - DomArtStyl","isPartOf":{"@id":"https:\/\/domartstyl.com\/en\/#website"},"datePublished":"2018-06-20T09:56:03+00:00","dateModified":"2025-02-17T10:42:56+00:00","breadcrumb":{"@id":"https:\/\/domartstyl.com\/en\/fabrics\/fuego\/#breadcrumb"},"inLanguage":"en-US","potentialAction":[{"@type":"ReadAction","target":["https:\/\/domartstyl.com\/en\/fabrics\/fuego\/"]}]},{"@type":"BreadcrumbList","@id":"https:\/\/domartstyl.com\/en\/fabrics\/fuego\/#breadcrumb","itemListElement":[{"@type":"ListItem","position":1,"name":"Strona g\u0142\u00f3wna","item":"https:\/\/domartstyl.com\/en\/"},{"@type":"ListItem","position":2,"name":"Fabrics","item":"https:\/\/domartstyl.com\/en\/fabrics\/"},{"@type":"ListItem","position":3,"name":"Fuego (Fibero)"}]},{"@type":"WebSite","@id":"https:\/\/domartstyl.com\/en\/#website","url":"https:\/\/domartstyl.com\/en\/","name":"DomArtStyl","description":"Tworzymy meble najwy\u017cszej jako\u015bci. Sprzeda\u017c detaliczna \u00b7 Sprzeda\u017c hurtowa","publisher":{"@id":"https:\/\/domartstyl.com\/en\/#organization"},"potentialAction":[{"@type":"SearchAction","target":{"@type":"EntryPoint","urlTemplate":"https:\/\/domartstyl.com\/en\/?s={search_term_string}"},"query-input":{"@type":"PropertyValueSpecification","valueRequired":true,"valueName":"search_term_string"}}],"inLanguage":"en-US"},{"@type":"Organization","@id":"https:\/\/domartstyl.com\/en\/#organization","name":"DomArtStyl","url":"https:\/\/domartstyl.com\/en\/","logo":{"@type":"ImageObject","inLanguage":"en-US","@id":"https:\/\/domartstyl.com\/en\/#\/schema\/logo\/image\/","url":"https:\/\/domartstyl.com\/wp-content\/uploads\/2018\/04\/Logo_300_width.png","contentUrl":"https:\/\/domartstyl.com\/wp-content\/uploads\/2018\/04\/Logo_300_width.png","width":300,"height":140,"caption":"DomArtStyl"},"image":{"@id":"https:\/\/domartstyl.com\/en\/#\/schema\/logo\/image\/"},"sameAs":["https:\/\/www.facebook.com\/DomArtStyl\/","https:\/\/x.com\/DomArtStyl_pl","https:\/\/www.instagram.com\/domartstyl\/?hl=en","https:\/\/pl.pinterest.com\/domartstyl01\/","https:\/\/www.youtube.com\/channel\/UCkISSgvMomI6yFFL3JDbLhw"]}]}},"_links":{"self":[{"href":"https:\/\/domartstyl.com\/en\/wp-json\/wp\/v2\/pages\/12903","targetHints":{"allow":["GET"]}}],"collection":[{"href":"https:\/\/domartstyl.com\/en\/wp-json\/wp\/v2\/pages"}],"about":[{"href":"https:\/\/domartstyl.com\/en\/wp-json\/wp\/v2\/types\/page"}],"author":[{"embeddable":true,"href":"https:\/\/domartstyl.com\/en\/wp-json\/wp\/v2\/users\/41"}],"replies":[{"embeddable":true,"href":"https:\/\/domartstyl.com\/en\/wp-json\/wp\/v2\/comments?post=12903"}],"version-history":[{"count":0,"href":"https:\/\/domartstyl.com\/en\/wp-json\/wp\/v2\/pages\/12903\/revisions"}],"up":[{"embeddable":true,"href":"https:\/\/domartstyl.com\/en\/wp-json\/wp\/v2\/pages\/3883"}],"wp:attachment":[{"href":"https:\/\/domartstyl.com\/en\/wp-json\/wp\/v2\/media?parent=12903"}],"curies":[{"name":"wp","href":"https:\/\/api.w.org\/{rel}","templated":true}]}}