{"id":12899,"date":"2018-06-20T10:47:30","date_gmt":"2018-06-20T09:47:30","guid":{"rendered":"https:\/\/domartstyl.com\/fabrics\/french-velvet\/"},"modified":"2025-02-17T11:41:15","modified_gmt":"2025-02-17T10:41:15","slug":"french-velvet","status":"publish","type":"page","link":"https:\/\/domartstyl.com\/en\/fabrics\/french-velvet\/","title":{"rendered":"French Velvet (Fibero)"},"content":{"rendered":"<div class=\"text-center mb-3\">\n\t<p>\n\t\tThe fabric provides enhanced fire safety, meeting BS 5852. <br>\n\t\tIt does not spread fire, and has no tendency to ignite on contact with a smouldering ignition source.\n\t<\/p>\n\t<a href=\"\/wp-content\/uploads\/tkaniny\/specyfikacja\/french-velvet.pdf\" class=\"btn btn-primary\" target=\"_blank\" title=\"View Technical Specifications\">Technical Specifications<\/a>\n<\/div>\n<div class=\"row row-cols-2 row-cols-sm-3 row-cols-md-4 row-cols-lg-6 g-4 mt-0 mb-5\" id=\"lightgallery\">\n\t<div class=\"col text-center\">\n\t\t<a href=\"\/wp-content\/uploads\/tkaniny\/French-Velvet\/French-Velvet-652.webp\" class=\"lightgallery-item\" title=\"French Velvet 652\">\n\t\t\t<img decoding=\"async\" src=\"\/wp-content\/uploads\/tkaniny\/sm\/French-Velvet\/French-Velvet-652.webp\" loading=\"lazy\" alt=\"French Velvet 652\">\n\t\t<\/a>\n\t\t<span class=\"d-block p-3\">French Velvet 652<\/span>\n\t<\/div>\n\t<div class=\"col text-center\">\n\t\t<a href=\"\/wp-content\/uploads\/tkaniny\/French-Velvet\/French-Velvet-653.webp\" class=\"lightgallery-item\" title=\"French Velvet 653\">\n\t\t\t<img decoding=\"async\" src=\"\/wp-content\/uploads\/tkaniny\/sm\/French-Velvet\/French-Velvet-653.webp\" loading=\"lazy\" alt=\"French Velvet 653\">\n\t\t<\/a>\n\t\t<span class=\"d-block p-3\">French Velvet 653<\/span>\n\t<\/div>\n\t<div class=\"col text-center\">\n\t\t<a href=\"\/wp-content\/uploads\/tkaniny\/French-Velvet\/French-Velvet-654.webp\" class=\"lightgallery-item\" title=\"French Velvet 654\">\n\t\t\t<img decoding=\"async\" src=\"\/wp-content\/uploads\/tkaniny\/sm\/French-Velvet\/French-Velvet-654.webp\" loading=\"lazy\" alt=\"French Velvet 654\">\n\t\t<\/a>\n\t\t<span class=\"d-block p-3\">French Velvet 654<\/span>\n\t<\/div>\n\t<div class=\"col text-center\">\n\t\t<a href=\"\/wp-content\/uploads\/tkaniny\/French-Velvet\/French-Velvet-656.webp\" class=\"lightgallery-item\" title=\"French Velvet 656\">\n\t\t\t<img decoding=\"async\" src=\"\/wp-content\/uploads\/tkaniny\/sm\/French-Velvet\/French-Velvet-656.webp\" loading=\"lazy\" alt=\"French Velvet 656\">\n\t\t<\/a>\n\t\t<span class=\"d-block p-3\">French Velvet 656<\/span>\n\t<\/div>\n\t<div class=\"col text-center\">\n\t\t<a href=\"\/wp-content\/uploads\/tkaniny\/French-Velvet\/French-Velvet-657.webp\" class=\"lightgallery-item\" title=\"French Velvet 657\">\n\t\t\t<img decoding=\"async\" src=\"\/wp-content\/uploads\/tkaniny\/sm\/French-Velvet\/French-Velvet-657.webp\" loading=\"lazy\" alt=\"French Velvet 657\">\n\t\t<\/a>\n\t\t<span class=\"d-block p-3\">French Velvet 657<\/span>\n\t<\/div>\n\t<div class=\"col text-center\">\n\t\t<a href=\"\/wp-content\/uploads\/tkaniny\/French-Velvet\/French-Velvet-658.webp\" class=\"lightgallery-item\" title=\"French Velvet 658\">\n\t\t\t<img decoding=\"async\" src=\"\/wp-content\/uploads\/tkaniny\/sm\/French-Velvet\/French-Velvet-658.webp\" loading=\"lazy\" alt=\"French Velvet 658\">\n\t\t<\/a>\n\t\t<span class=\"d-block p-3\">French Velvet 658<\/span>\n\t<\/div>\n\t<div class=\"col text-center\">\n\t\t<a href=\"\/wp-content\/uploads\/tkaniny\/French-Velvet\/French-Velvet-659.webp\" class=\"lightgallery-item\" title=\"French Velvet 659\">\n\t\t\t<img decoding=\"async\" src=\"\/wp-content\/uploads\/tkaniny\/sm\/French-Velvet\/French-Velvet-659.webp\" loading=\"lazy\" alt=\"French Velvet 659\">\n\t\t<\/a>\n\t\t<span class=\"d-block p-3\">French Velvet 659<\/span>\n\t<\/div>\n\t<div class=\"col text-center\">\n\t\t<a href=\"\/wp-content\/uploads\/tkaniny\/French-Velvet\/French-Velvet-661.webp\" class=\"lightgallery-item\" title=\"French Velvet 661\">\n\t\t\t<img decoding=\"async\" src=\"\/wp-content\/uploads\/tkaniny\/sm\/French-Velvet\/French-Velvet-661.webp\" loading=\"lazy\" alt=\"French Velvet 661\">\n\t\t<\/a>\n\t\t<span class=\"d-block p-3\">French Velvet 661<\/span>\n\t<\/div>\n\t<div class=\"col text-center\">\n\t\t<a href=\"\/wp-content\/uploads\/tkaniny\/French-Velvet\/French-Velvet-662.webp\" class=\"lightgallery-item\" title=\"French Velvet 662\">\n\t\t\t<img decoding=\"async\" src=\"\/wp-content\/uploads\/tkaniny\/sm\/French-Velvet\/French-Velvet-662.webp\" loading=\"lazy\" alt=\"French Velvet 662\">\n\t\t<\/a>\n\t\t<span class=\"d-block p-3\">French Velvet 662<\/span>\n\t<\/div>\n\t<div class=\"col text-center\">\n\t\t<a href=\"\/wp-content\/uploads\/tkaniny\/French-Velvet\/French-Velvet-663.webp\" class=\"lightgallery-item\" title=\"French Velvet 663\">\n\t\t\t<img decoding=\"async\" src=\"\/wp-content\/uploads\/tkaniny\/sm\/French-Velvet\/French-Velvet-663.webp\" loading=\"lazy\" alt=\"French Velvet 663\">\n\t\t<\/a>\n\t\t<span class=\"d-block p-3\">French Velvet 663<\/span>\n\t<\/div>\n\t<div class=\"col text-center\">\n\t\t<a href=\"\/wp-content\/uploads\/tkaniny\/French-Velvet\/French-Velvet-664.webp\" class=\"lightgallery-item\" title=\"French Velvet 664\">\n\t\t\t<img decoding=\"async\" src=\"\/wp-content\/uploads\/tkaniny\/sm\/French-Velvet\/French-Velvet-664.webp\" loading=\"lazy\" alt=\"French Velvet 664\">\n\t\t<\/a>\n\t\t<span class=\"d-block p-3\">French Velvet 664<\/span>\n\t<\/div>\n\t<div class=\"col text-center\">\n\t\t<a href=\"\/wp-content\/uploads\/tkaniny\/French-Velvet\/French-Velvet-666.webp\" class=\"lightgallery-item\" title=\"French Velvet 666\">\n\t\t\t<img decoding=\"async\" src=\"\/wp-content\/uploads\/tkaniny\/sm\/French-Velvet\/French-Velvet-666.webp\" loading=\"lazy\" alt=\"French Velvet 666\">\n\t\t<\/a>\n\t\t<span class=\"d-block p-3\">French Velvet 666<\/span>\n\t<\/div>\n\t<div class=\"col text-center\">\n\t\t<a href=\"\/wp-content\/uploads\/tkaniny\/French-Velvet\/French-Velvet-667.webp\" class=\"lightgallery-item\" title=\"French Velvet 667\">\n\t\t\t<img decoding=\"async\" src=\"\/wp-content\/uploads\/tkaniny\/sm\/French-Velvet\/French-Velvet-667.webp\" loading=\"lazy\" alt=\"French Velvet 667\">\n\t\t<\/a>\n\t\t<span class=\"d-block p-3\">French Velvet 667<\/span>\n\t<\/div>\n\t<div class=\"col text-center\">\n\t\t<a href=\"\/wp-content\/uploads\/tkaniny\/French-Velvet\/French-Velvet-669.webp\" class=\"lightgallery-item\" title=\"French Velvet 669\">\n\t\t\t<img decoding=\"async\" src=\"\/wp-content\/uploads\/tkaniny\/sm\/French-Velvet\/French-Velvet-669.webp\" loading=\"lazy\" alt=\"French Velvet 669\">\n\t\t<\/a>\n\t\t<span class=\"d-block p-3\">French Velvet 669<\/span>\n\t<\/div>\n\t<div class=\"col text-center\">\n\t\t<a href=\"\/wp-content\/uploads\/tkaniny\/French-Velvet\/French-Velvet-670.webp\" class=\"lightgallery-item\" title=\"French Velvet 670\">\n\t\t\t<img decoding=\"async\" src=\"\/wp-content\/uploads\/tkaniny\/sm\/French-Velvet\/French-Velvet-670.webp\" loading=\"lazy\" alt=\"French Velvet 670\">\n\t\t<\/a>\n\t\t<span class=\"d-block p-3\">French Velvet 670<\/span>\n\t<\/div>\n\t<div class=\"col text-center\">\n\t\t<a href=\"\/wp-content\/uploads\/tkaniny\/French-Velvet\/French-Velvet-671.webp\" class=\"lightgallery-item\" title=\"French Velvet 671\">\n\t\t\t<img decoding=\"async\" src=\"\/wp-content\/uploads\/tkaniny\/sm\/French-Velvet\/French-Velvet-671.webp\" loading=\"lazy\" alt=\"French Velvet 671\">\n\t\t<\/a>\n\t\t<span class=\"d-block p-3\">French Velvet 671<\/span>\n\t<\/div>\n\t<div class=\"col text-center\">\n\t\t<a href=\"\/wp-content\/uploads\/tkaniny\/French-Velvet\/French-Velvet-672.webp\" class=\"lightgallery-item\" title=\"French Velvet 672\">\n\t\t\t<img decoding=\"async\" src=\"\/wp-content\/uploads\/tkaniny\/sm\/French-Velvet\/French-Velvet-672.webp\" loading=\"lazy\" alt=\"French Velvet 672\">\n\t\t<\/a>\n\t\t<span class=\"d-block p-3\">French Velvet 672<\/span>\n\t<\/div>\n\t<div class=\"col text-center\">\n\t\t<a href=\"\/wp-content\/uploads\/tkaniny\/French-Velvet\/French-Velvet-673.webp\" class=\"lightgallery-item\" title=\"French Velvet 673\">\n\t\t\t<img decoding=\"async\" src=\"\/wp-content\/uploads\/tkaniny\/sm\/French-Velvet\/French-Velvet-673.webp\" loading=\"lazy\" alt=\"French Velvet 673\">\n\t\t<\/a>\n\t\t<span class=\"d-block p-3\">French Velvet 673<\/span>\n\t<\/div>\n\t<div class=\"col text-center\">\n\t\t<a href=\"\/wp-content\/uploads\/tkaniny\/French-Velvet\/French-Velvet-674.webp\" class=\"lightgallery-item\" title=\"French Velvet 674\">\n\t\t\t<img decoding=\"async\" src=\"\/wp-content\/uploads\/tkaniny\/sm\/French-Velvet\/French-Velvet-674.webp\" loading=\"lazy\" alt=\"French Velvet 674\">\n\t\t<\/a>\n\t\t<span class=\"d-block p-3\">French Velvet 674<\/span>\n\t<\/div>\n\t<div class=\"col text-center\">\n\t\t<a href=\"\/wp-content\/uploads\/tkaniny\/French-Velvet\/French-Velvet-675.webp\" class=\"lightgallery-item\" title=\"French Velvet 675\">\n\t\t\t<img decoding=\"async\" src=\"\/wp-content\/uploads\/tkaniny\/sm\/French-Velvet\/French-Velvet-675.webp\" loading=\"lazy\" alt=\"French Velvet 675\">\n\t\t<\/a>\n\t\t<span class=\"d-block p-3\">French Velvet 675<\/span>\n\t<\/div>\n\t<div class=\"col text-center\">\n\t\t<a href=\"\/wp-content\/uploads\/tkaniny\/French-Velvet\/French-Velvet-676.webp\" class=\"lightgallery-item\" title=\"French Velvet 676\">\n\t\t\t<img decoding=\"async\" src=\"\/wp-content\/uploads\/tkaniny\/sm\/French-Velvet\/French-Velvet-676.webp\" loading=\"lazy\" alt=\"French Velvet 676\">\n\t\t<\/a>\n\t\t<span class=\"d-block p-3\">French Velvet 676<\/span>\n\t<\/div>\n\t<div class=\"col text-center\">\n\t\t<a href=\"\/wp-content\/uploads\/tkaniny\/French-Velvet\/French-Velvet-677.webp\" class=\"lightgallery-item\" title=\"French Velvet 677\">\n\t\t\t<img decoding=\"async\" src=\"\/wp-content\/uploads\/tkaniny\/sm\/French-Velvet\/French-Velvet-677.webp\" loading=\"lazy\" alt=\"French Velvet 677\">\n\t\t<\/a>\n\t\t<span class=\"d-block p-3\">French Velvet 677<\/span>\n\t<\/div>\n\t<div class=\"col text-center\">\n\t\t<a href=\"\/wp-content\/uploads\/tkaniny\/French-Velvet\/French-Velvet-678.webp\" class=\"lightgallery-item\" title=\"French Velvet 678\">\n\t\t\t<img decoding=\"async\" src=\"\/wp-content\/uploads\/tkaniny\/sm\/French-Velvet\/French-Velvet-678.webp\" loading=\"lazy\" alt=\"French Velvet 678\">\n\t\t<\/a>\n\t\t<span class=\"d-block p-3\">French Velvet 678<\/span>\n\t<\/div>\n\t<div class=\"col text-center\">\n\t\t<a href=\"\/wp-content\/uploads\/tkaniny\/French-Velvet\/French-Velvet-679.webp\" class=\"lightgallery-item\" title=\"French Velvet 679\">\n\t\t\t<img decoding=\"async\" src=\"\/wp-content\/uploads\/tkaniny\/sm\/French-Velvet\/French-Velvet-679.webp\" loading=\"lazy\" alt=\"French Velvet 679\">\n\t\t<\/a>\n\t\t<span class=\"d-block p-3\">French Velvet 679<\/span>\n\t<\/div>\n\t<div class=\"col text-center\">\n\t\t<a href=\"\/wp-content\/uploads\/tkaniny\/French-Velvet\/French-Velvet-680.webp\" class=\"lightgallery-item\" title=\"French Velvet 680\">\n\t\t\t<img decoding=\"async\" src=\"\/wp-content\/uploads\/tkaniny\/sm\/French-Velvet\/French-Velvet-680.webp\" loading=\"lazy\" alt=\"French Velvet 680\">\n\t\t<\/a>\n\t\t<span class=\"d-block p-3\">French Velvet 680<\/span>\n\t<\/div>\n\t<div class=\"col text-center\">\n\t\t<a href=\"\/wp-content\/uploads\/tkaniny\/French-Velvet\/French-Velvet-682.webp\" class=\"lightgallery-item\" title=\"French Velvet 682\">\n\t\t\t<img decoding=\"async\" src=\"\/wp-content\/uploads\/tkaniny\/sm\/French-Velvet\/French-Velvet-682.webp\" loading=\"lazy\" alt=\"French Velvet 682\">\n\t\t<\/a>\n\t\t<span class=\"d-block p-3\">French Velvet 682<\/span>\n\t<\/div>\n\t<div class=\"col text-center\">\n\t\t<a href=\"\/wp-content\/uploads\/tkaniny\/French-Velvet\/French-Velvet-683.webp\" class=\"lightgallery-item\" title=\"French Velvet 683\">\n\t\t\t<img decoding=\"async\" src=\"\/wp-content\/uploads\/tkaniny\/sm\/French-Velvet\/French-Velvet-683.webp\" loading=\"lazy\" alt=\"French Velvet 683\">\n\t\t<\/a>\n\t\t<span class=\"d-block p-3\">French Velvet 683<\/span>\n\t<\/div>\n\t<div class=\"col text-center\">\n\t\t<a href=\"\/wp-content\/uploads\/tkaniny\/French-Velvet\/French-Velvet-684.webp\" class=\"lightgallery-item\" title=\"French Velvet 684\">\n\t\t\t<img decoding=\"async\" src=\"\/wp-content\/uploads\/tkaniny\/sm\/French-Velvet\/French-Velvet-684.webp\" loading=\"lazy\" alt=\"French Velvet 684\">\n\t\t<\/a>\n\t\t<span class=\"d-block p-3\">French Velvet 684<\/span>\n\t<\/div>\n\t<div class=\"col text-center\">\n\t\t<a href=\"\/wp-content\/uploads\/tkaniny\/French-Velvet\/French-Velvet-685.webp\" class=\"lightgallery-item\" title=\"French Velvet 685\">\n\t\t\t<img decoding=\"async\" src=\"\/wp-content\/uploads\/tkaniny\/sm\/French-Velvet\/French-Velvet-685.webp\" loading=\"lazy\" alt=\"French Velvet 685\">\n\t\t<\/a>\n\t\t<span class=\"d-block p-3\">French Velvet 685<\/span>\n\t<\/div>\n\t<div class=\"col text-center\">\n\t\t<a href=\"\/wp-content\/uploads\/tkaniny\/French-Velvet\/French-Velvet-686.jpg\" class=\"lightgallery-item\" title=\"French Velvet 686\">\n\t\t\t<img decoding=\"async\" src=\"\/wp-content\/uploads\/tkaniny\/sm\/French-Velvet\/French-Velvet-686.jpg\" loading=\"lazy\" alt=\"French Velvet 686\">\n\t\t<\/a>\n\t\t<span class=\"d-block p-3\">French Velvet 686<\/span>\n\t<\/div>\n\t<div class=\"col text-center\">\n\t\t<a href=\"\/wp-content\/uploads\/tkaniny\/French-Velvet\/French-Velvet-687.jpg\" class=\"lightgallery-item\" title=\"French Velvet 687\">\n\t\t\t<img decoding=\"async\" src=\"\/wp-content\/uploads\/tkaniny\/sm\/French-Velvet\/French-Velvet-687.jpg\" loading=\"lazy\" alt=\"French Velvet 687\">\n\t\t<\/a>\n\t\t<span class=\"d-block p-3\">French Velvet 687<\/span>\n\t<\/div>\n\t<div class=\"col text-center\">\n\t\t<a href=\"\/wp-content\/uploads\/tkaniny\/French-Velvet\/French-Velvet-688.jpg\" class=\"lightgallery-item\" title=\"French Velvet 688\">\n\t\t\t<img decoding=\"async\" src=\"\/wp-content\/uploads\/tkaniny\/sm\/French-Velvet\/French-Velvet-688.jpg\" loading=\"lazy\" alt=\"French Velvet 688\">\n\t\t<\/a>\n\t\t<span class=\"d-block p-3\">French Velvet 688<\/span>\n\t<\/div>\n\t<div class=\"col text-center\">\n\t\t<a href=\"\/wp-content\/uploads\/tkaniny\/French-Velvet\/French-Velvet-689.jpg\" class=\"lightgallery-item\" title=\"French Velvet 689\">\n\t\t\t<img decoding=\"async\" src=\"\/wp-content\/uploads\/tkaniny\/sm\/French-Velvet\/French-Velvet-689.jpg\" loading=\"lazy\" alt=\"French Velvet 689\">\n\t\t<\/a>\n\t\t<span class=\"d-block p-3\">French Velvet 689<\/span>\n\t<\/div>\n\t<div class=\"col text-center\">\n\t\t<a href=\"\/wp-content\/uploads\/tkaniny\/French-Velvet\/French-Velvet-686.jpg\" class=\"lightgallery-item\" title=\"French Velvet 686\">\n\t\t\t<img decoding=\"async\" src=\"\/wp-content\/uploads\/tkaniny\/sm\/French-Velvet\/French-Velvet-686.jpg\" loading=\"lazy\" alt=\"French Velvet 686\">\n\t\t<\/a>\n\t\t<span class=\"d-block p-3\">French Velvet 686<\/span>\n\t<\/div>\n\t<div class=\"col text-center\">\n\t\t<a href=\"\/wp-content\/uploads\/tkaniny\/French-Velvet\/French-Velvet-687.jpg\" class=\"lightgallery-item\" title=\"French Velvet 687\">\n\t\t\t<img decoding=\"async\" src=\"\/wp-content\/uploads\/tkaniny\/sm\/French-Velvet\/French-Velvet-687.jpg\" loading=\"lazy\" alt=\"French Velvet 687\">\n\t\t<\/a>\n\t\t<span class=\"d-block p-3\">French Velvet 687<\/span>\n\t<\/div>\n\t<div class=\"col text-center\">\n\t\t<a href=\"\/wp-content\/uploads\/tkaniny\/French-Velvet\/French-Velvet-688.jpg\" class=\"lightgallery-item\" title=\"French Velvet 688\">\n\t\t\t<img decoding=\"async\" src=\"\/wp-content\/uploads\/tkaniny\/sm\/French-Velvet\/French-Velvet-688.jpg\" loading=\"lazy\" alt=\"French Velvet 688\">\n\t\t<\/a>\n\t\t<span class=\"d-block p-3\">French Velvet 688<\/span>\n\t<\/div>\n\t<div class=\"col text-center\">\n\t\t<a href=\"\/wp-content\/uploads\/tkaniny\/French-Velvet\/French-Velvet-689.jpg\" class=\"lightgallery-item\" title=\"French Velvet 689\">\n\t\t\t<img decoding=\"async\" src=\"\/wp-content\/uploads\/tkaniny\/sm\/French-Velvet\/French-Velvet-689.jpg\" loading=\"lazy\" alt=\"French Velvet 689\">\n\t\t<\/a>\n\t\t<span class=\"d-block p-3\">French Velvet 689<\/span>\n\t<\/div>\n<\/div>","protected":false},"excerpt":{"rendered":"<p>The fabric provides enhanced fire safety, meeting BS 5852. It does not spread fire, and has no tendency to ignite [&hellip;]<\/p>\n","protected":false},"author":41,"featured_media":0,"parent":3883,"menu_order":0,"comment_status":"closed","ping_status":"closed","template":"page-gallery.php","meta":{"footnotes":""},"class_list":["post-12899","page","type-page","status-publish","hentry"],"yoast_head":"<!-- This site is optimized with the Yoast SEO Premium plugin v25.0 (Yoast SEO v25.0) - https:\/\/yoast.com\/wordpress\/plugins\/seo\/ -->\n<title>French Velvet (Fibero) - DomArtStyl<\/title>\n<meta name=\"robots\" content=\"index, follow, max-snippet:-1, max-image-preview:large, max-video-preview:-1\" \/>\n<link rel=\"canonical\" href=\"https:\/\/domartstyl.com\/en\/fabrics\/french-velvet\/\" \/>\n<meta property=\"og:locale\" content=\"en_US\" \/>\n<meta property=\"og:type\" content=\"article\" \/>\n<meta property=\"og:title\" content=\"French Velvet (Fibero)\" \/>\n<meta property=\"og:description\" content=\"The fabric provides enhanced fire safety, meeting BS 5852. It does not spread fire, and has no tendency to ignite [&hellip;]\" \/>\n<meta property=\"og:url\" content=\"https:\/\/domartstyl.com\/en\/fabrics\/french-velvet\/\" \/>\n<meta property=\"og:site_name\" content=\"DomArtStyl\" \/>\n<meta property=\"article:publisher\" content=\"https:\/\/www.facebook.com\/DomArtStyl\/\" \/>\n<meta property=\"article:modified_time\" content=\"2025-02-17T10:41:15+00:00\" \/>\n<meta property=\"og:image\" content=\"https:\/\/domartstyl.com\/wp-content\/uploads\/2021\/06\/logo_meta_og.jpg\" \/>\n\t<meta property=\"og:image:width\" content=\"800\" \/>\n\t<meta property=\"og:image:height\" content=\"800\" \/>\n\t<meta property=\"og:image:type\" content=\"image\/jpeg\" \/>\n<meta name=\"twitter:card\" content=\"summary_large_image\" \/>\n<meta name=\"twitter:site\" content=\"@DomArtStyl_pl\" \/>\n<meta name=\"twitter:label1\" content=\"Est. reading time\" \/>\n\t<meta name=\"twitter:data1\" content=\"9 minutes\" \/>\n<script type=\"application\/ld+json\" class=\"yoast-schema-graph\">{\"@context\":\"https:\/\/schema.org\",\"@graph\":[{\"@type\":\"WebPage\",\"@id\":\"https:\/\/domartstyl.com\/en\/fabrics\/french-velvet\/\",\"url\":\"https:\/\/domartstyl.com\/en\/fabrics\/french-velvet\/\",\"name\":\"French Velvet (Fibero) - DomArtStyl\",\"isPartOf\":{\"@id\":\"https:\/\/domartstyl.com\/en\/#website\"},\"datePublished\":\"2018-06-20T09:47:30+00:00\",\"dateModified\":\"2025-02-17T10:41:15+00:00\",\"breadcrumb\":{\"@id\":\"https:\/\/domartstyl.com\/en\/fabrics\/french-velvet\/#breadcrumb\"},\"inLanguage\":\"en-US\",\"potentialAction\":[{\"@type\":\"ReadAction\",\"target\":[\"https:\/\/domartstyl.com\/en\/fabrics\/french-velvet\/\"]}]},{\"@type\":\"BreadcrumbList\",\"@id\":\"https:\/\/domartstyl.com\/en\/fabrics\/french-velvet\/#breadcrumb\",\"itemListElement\":[{\"@type\":\"ListItem\",\"position\":1,\"name\":\"Strona g\u0142\u00f3wna\",\"item\":\"https:\/\/domartstyl.com\/en\/\"},{\"@type\":\"ListItem\",\"position\":2,\"name\":\"Fabrics\",\"item\":\"https:\/\/domartstyl.com\/en\/fabrics\/\"},{\"@type\":\"ListItem\",\"position\":3,\"name\":\"French Velvet (Fibero)\"}]},{\"@type\":\"WebSite\",\"@id\":\"https:\/\/domartstyl.com\/en\/#website\",\"url\":\"https:\/\/domartstyl.com\/en\/\",\"name\":\"DomArtStyl\",\"description\":\"Tworzymy meble najwy\u017cszej jako\u015bci. Sprzeda\u017c detaliczna \u00b7 Sprzeda\u017c hurtowa\",\"publisher\":{\"@id\":\"https:\/\/domartstyl.com\/en\/#organization\"},\"potentialAction\":[{\"@type\":\"SearchAction\",\"target\":{\"@type\":\"EntryPoint\",\"urlTemplate\":\"https:\/\/domartstyl.com\/en\/?s={search_term_string}\"},\"query-input\":{\"@type\":\"PropertyValueSpecification\",\"valueRequired\":true,\"valueName\":\"search_term_string\"}}],\"inLanguage\":\"en-US\"},{\"@type\":\"Organization\",\"@id\":\"https:\/\/domartstyl.com\/en\/#organization\",\"name\":\"DomArtStyl\",\"url\":\"https:\/\/domartstyl.com\/en\/\",\"logo\":{\"@type\":\"ImageObject\",\"inLanguage\":\"en-US\",\"@id\":\"https:\/\/domartstyl.com\/en\/#\/schema\/logo\/image\/\",\"url\":\"https:\/\/domartstyl.com\/wp-content\/uploads\/2018\/04\/Logo_300_width.png\",\"contentUrl\":\"https:\/\/domartstyl.com\/wp-content\/uploads\/2018\/04\/Logo_300_width.png\",\"width\":300,\"height\":140,\"caption\":\"DomArtStyl\"},\"image\":{\"@id\":\"https:\/\/domartstyl.com\/en\/#\/schema\/logo\/image\/\"},\"sameAs\":[\"https:\/\/www.facebook.com\/DomArtStyl\/\",\"https:\/\/x.com\/DomArtStyl_pl\",\"https:\/\/www.instagram.com\/domartstyl\/?hl=en\",\"https:\/\/pl.pinterest.com\/domartstyl01\/\",\"https:\/\/www.youtube.com\/channel\/UCkISSgvMomI6yFFL3JDbLhw\"]}]}<\/script>\n<!-- \/ Yoast SEO Premium plugin. -->","yoast_head_json":{"title":"French Velvet (Fibero) - DomArtStyl","robots":{"index":"index","follow":"follow","max-snippet":"max-snippet:-1","max-image-preview":"max-image-preview:large","max-video-preview":"max-video-preview:-1"},"canonical":"https:\/\/domartstyl.com\/en\/fabrics\/french-velvet\/","og_locale":"en_US","og_type":"article","og_title":"French Velvet (Fibero)","og_description":"The fabric provides enhanced fire safety, meeting BS 5852. It does not spread fire, and has no tendency to ignite [&hellip;]","og_url":"https:\/\/domartstyl.com\/en\/fabrics\/french-velvet\/","og_site_name":"DomArtStyl","article_publisher":"https:\/\/www.facebook.com\/DomArtStyl\/","article_modified_time":"2025-02-17T10:41:15+00:00","og_image":[{"width":800,"height":800,"url":"https:\/\/domartstyl.com\/wp-content\/uploads\/2021\/06\/logo_meta_og.jpg","type":"image\/jpeg"}],"twitter_card":"summary_large_image","twitter_site":"@DomArtStyl_pl","twitter_misc":{"Est. reading time":"9 minutes"},"schema":{"@context":"https:\/\/schema.org","@graph":[{"@type":"WebPage","@id":"https:\/\/domartstyl.com\/en\/fabrics\/french-velvet\/","url":"https:\/\/domartstyl.com\/en\/fabrics\/french-velvet\/","name":"French Velvet (Fibero) - DomArtStyl","isPartOf":{"@id":"https:\/\/domartstyl.com\/en\/#website"},"datePublished":"2018-06-20T09:47:30+00:00","dateModified":"2025-02-17T10:41:15+00:00","breadcrumb":{"@id":"https:\/\/domartstyl.com\/en\/fabrics\/french-velvet\/#breadcrumb"},"inLanguage":"en-US","potentialAction":[{"@type":"ReadAction","target":["https:\/\/domartstyl.com\/en\/fabrics\/french-velvet\/"]}]},{"@type":"BreadcrumbList","@id":"https:\/\/domartstyl.com\/en\/fabrics\/french-velvet\/#breadcrumb","itemListElement":[{"@type":"ListItem","position":1,"name":"Strona g\u0142\u00f3wna","item":"https:\/\/domartstyl.com\/en\/"},{"@type":"ListItem","position":2,"name":"Fabrics","item":"https:\/\/domartstyl.com\/en\/fabrics\/"},{"@type":"ListItem","position":3,"name":"French Velvet (Fibero)"}]},{"@type":"WebSite","@id":"https:\/\/domartstyl.com\/en\/#website","url":"https:\/\/domartstyl.com\/en\/","name":"DomArtStyl","description":"Tworzymy meble najwy\u017cszej jako\u015bci. Sprzeda\u017c detaliczna \u00b7 Sprzeda\u017c hurtowa","publisher":{"@id":"https:\/\/domartstyl.com\/en\/#organization"},"potentialAction":[{"@type":"SearchAction","target":{"@type":"EntryPoint","urlTemplate":"https:\/\/domartstyl.com\/en\/?s={search_term_string}"},"query-input":{"@type":"PropertyValueSpecification","valueRequired":true,"valueName":"search_term_string"}}],"inLanguage":"en-US"},{"@type":"Organization","@id":"https:\/\/domartstyl.com\/en\/#organization","name":"DomArtStyl","url":"https:\/\/domartstyl.com\/en\/","logo":{"@type":"ImageObject","inLanguage":"en-US","@id":"https:\/\/domartstyl.com\/en\/#\/schema\/logo\/image\/","url":"https:\/\/domartstyl.com\/wp-content\/uploads\/2018\/04\/Logo_300_width.png","contentUrl":"https:\/\/domartstyl.com\/wp-content\/uploads\/2018\/04\/Logo_300_width.png","width":300,"height":140,"caption":"DomArtStyl"},"image":{"@id":"https:\/\/domartstyl.com\/en\/#\/schema\/logo\/image\/"},"sameAs":["https:\/\/www.facebook.com\/DomArtStyl\/","https:\/\/x.com\/DomArtStyl_pl","https:\/\/www.instagram.com\/domartstyl\/?hl=en","https:\/\/pl.pinterest.com\/domartstyl01\/","https:\/\/www.youtube.com\/channel\/UCkISSgvMomI6yFFL3JDbLhw"]}]}},"_links":{"self":[{"href":"https:\/\/domartstyl.com\/en\/wp-json\/wp\/v2\/pages\/12899","targetHints":{"allow":["GET"]}}],"collection":[{"href":"https:\/\/domartstyl.com\/en\/wp-json\/wp\/v2\/pages"}],"about":[{"href":"https:\/\/domartstyl.com\/en\/wp-json\/wp\/v2\/types\/page"}],"author":[{"embeddable":true,"href":"https:\/\/domartstyl.com\/en\/wp-json\/wp\/v2\/users\/41"}],"replies":[{"embeddable":true,"href":"https:\/\/domartstyl.com\/en\/wp-json\/wp\/v2\/comments?post=12899"}],"version-history":[{"count":0,"href":"https:\/\/domartstyl.com\/en\/wp-json\/wp\/v2\/pages\/12899\/revisions"}],"up":[{"embeddable":true,"href":"https:\/\/domartstyl.com\/en\/wp-json\/wp\/v2\/pages\/3883"}],"wp:attachment":[{"href":"https:\/\/domartstyl.com\/en\/wp-json\/wp\/v2\/media?parent=12899"}],"curies":[{"name":"wp","href":"https:\/\/api.w.org\/{rel}","templated":true}]}}